{"id":1016,"date":"2014-12-31T08:59:26","date_gmt":"2014-12-31T06:59:26","guid":{"rendered":"http:\/\/www.fliegenrutenbauer.at\/?page_id=1016"},"modified":"2018-04-15T08:48:07","modified_gmt":"2018-04-15T06:48:07","slug":"links","status":"publish","type":"page","link":"http:\/\/www.fliegenrutenbauer.at\/?page_id=1016","title":{"rendered":"Links"},"content":{"rendered":"<p><span style=\"text-decoration: underline;\">Haftungsausschluss:<\/span><br \/>\nF\u00fcr die Inhalte externer Links \u00fcbernehmen wir keine Haftung.<br \/>\nF\u00fcr den Inhalt der verlinkten Seiten sind ausschlie\u00dflich<br \/>\nderen Betreiber verantwortlich.<\/p>\n<p>&nbsp;<\/p>\n<p>Gerhard Schn\u00f6ller &#8211;\u00a0Wurf- und\u00a0Fliegenbindekurse<\/p>\n<p>Bewirtschafter einiger sch\u00f6ner Fliegengew\u00e4sser im M\u00fchlviertel<\/p>\n<p><a title=\"www.sgsflydesign.at\" href=\"http:\/\/www.sgsflydesign.at\" target=\"_blank\" rel=\"noopener\"><em>www.sgsflydesign.at<\/em><\/a><\/p>\n<p>&nbsp;<\/p>\n<p>Karl Flick &#8211; Fliegenbinder mit internationalen Auszeichnungen<\/p>\n<p><a title=\"www.karl-flick.jimdo.com\" href=\"http:\/\/www.karl-flick.jimdo.com\" target=\"_blank\" rel=\"noopener\">www.karl-flick.jimdo.com<\/a><\/p>\n<p>&nbsp;<\/p>\n<p>Fischereisportverein Obergrafendorf in N\u00d6. &#8211; wundersch\u00f6ner See mit ausgezeichnetem Fischbestand<\/p>\n<p><a href=\"http:\/\/fischereisportverein-obergrafendorf.at\">www.fischereisportverein-obergrafendorf.at<\/a><\/p>\n<p>&nbsp;<\/p>\n<p>PIELACH &#8211; ein sch\u00f6nes Fliegengew\u00e4sser\u00a0bei Prinzersdorf N\u00d6.<\/p>\n<p><a href=\"http:\/\/www.fishing-pielach1-3.at\">www.fishing-pielach1-3.at<\/a><\/p>\n<p>&nbsp;<\/p>\n<p>ALMFLUSS &#8211; wunderbar sch\u00f6ne Strecke bei Gr\u00fcnau im Almtal<\/p>\n<p><a href=\"http:\/\/almfischer.at\">www.almfischer.at<\/a><\/p>\n<p>&nbsp;<\/p>\n","protected":false},"excerpt":{"rendered":"<p>Haftungsausschluss: F\u00fcr die Inhalte externer Links \u00fcbernehmen wir keine Haftung. F\u00fcr den Inhalt der verlinkten Seiten sind ausschlie\u00dflich deren Betreiber verantwortlich. &nbsp; Gerhard Schn\u00f6ller &#8211;\u00a0Wurf- und\u00a0Fliegenbindekurse Bewirtschafter einiger sch\u00f6ner Fliegengew\u00e4sser im M\u00fchlviertel www.sgsflydesign.at &nbsp; Karl Flick &#8211; Fliegenbinder mit internationalen&hellip;<\/p>\n<p class=\"more-link-p\"><a class=\"more-link\" href=\"http:\/\/www.fliegenrutenbauer.at\/?page_id=1016\">Read more &rarr;<\/a><\/p>\n","protected":false},"author":2,"featured_media":0,"parent":0,"menu_order":0,"comment_status":"closed","ping_status":"closed","template":"","meta":{"footnotes":""},"class_list":["post-1016","page","type-page","status-publish","hentry"],"_links":{"self":[{"href":"http:\/\/www.fliegenrutenbauer.at\/index.php?rest_route=\/wp\/v2\/pages\/1016","targetHints":{"allow":["GET"]}}],"collection":[{"href":"http:\/\/www.fliegenrutenbauer.at\/index.php?rest_route=\/wp\/v2\/pages"}],"about":[{"href":"http:\/\/www.fliegenrutenbauer.at\/index.php?rest_route=\/wp\/v2\/types\/page"}],"author":[{"embeddable":true,"href":"http:\/\/www.fliegenrutenbauer.at\/index.php?rest_route=\/wp\/v2\/users\/2"}],"replies":[{"embeddable":true,"href":"http:\/\/www.fliegenrutenbauer.at\/index.php?rest_route=%2Fwp%2Fv2%2Fcomments&post=1016"}],"version-history":[{"count":26,"href":"http:\/\/www.fliegenrutenbauer.at\/index.php?rest_route=\/wp\/v2\/pages\/1016\/revisions"}],"predecessor-version":[{"id":1556,"href":"http:\/\/www.fliegenrutenbauer.at\/index.php?rest_route=\/wp\/v2\/pages\/1016\/revisions\/1556"}],"wp:attachment":[{"href":"http:\/\/www.fliegenrutenbauer.at\/index.php?rest_route=%2Fwp%2Fv2%2Fmedia&parent=1016"}],"curies":[{"name":"wp","href":"https:\/\/api.w.org\/{rel}","templated":true}]}}