{"id":116,"date":"2014-11-27T10:56:03","date_gmt":"2014-11-27T08:56:03","guid":{"rendered":"http:\/\/www.fliegenrutenbauer.at\/?page_id=116"},"modified":"2026-02-21T09:55:30","modified_gmt":"2026-02-21T07:55:30","slug":"aktuelles-2","status":"publish","type":"page","link":"http:\/\/www.fliegenrutenbauer.at\/?page_id=116","title":{"rendered":"Aktuelles"},"content":{"rendered":"<p style=\"text-align: center;\"><strong><span style=\"color: #ff0000;\">Gesplie\u00dfte Bambus Fliegenruten<\/span><\/strong><\/p>\n<p style=\"text-align: center;\"><strong>ein Mythos ???<\/strong><\/p>\n<p>Haben Sie sich schon einmal f\u00fcr Fliegenruten aus Bambus interessiert, aber nicht die M\u00f6glichkeit gehabt diese kennenzulernen und zu testen?<\/p>\n<p>Wie sie sich werfen, sie zu handhaben sind oder sich gegen\u00fcber modernen Ruten behaupten k\u00f6nnen?<\/p>\n<p>Heuer haben Sie die M\u00f6glichkeit verschiedenste alte (bis zu 100 Jahre) und moderne neue Ein- und Zweihand Fliegenruten aus Bambus kennenzu\u00adlernen und auch ausgiebig zu werfen und zu testen.<\/p>\n<p><strong>Wann:<\/strong> \u00a0\u00a0\u00a0\u00a0\u00a0\u00a0\u00a0\u00a0\u00a0\u00a0\u00a0\u00a0\u00a0\u00a0\u00a0\u00a0\u00a0\u00a0\u00a0\u00a0\u00a0\u00a0\u00a0\u00a0\u00a0\u00a0 Termin noch nicht fixiert (April 2026 \/ Mai 2026) \u2013 <span style=\"color: #ff0000;\">Voranmeldung <\/span>per Mail oder telefonisch erw\u00fcnscht<\/p>\n<p><strong>Wo:<\/strong>\u00a0 \u00a0 \u00a0 \u00a0 \u00a0 \u00a0 \u00a0 \u00a0 \u00a0 \u00a0 \u00a0 \u00a0 \u00a0 \u00a0 \u00a0 \u00a0 Im Nahbereich von Linz \u2013 Ort wird rechtzeitig bekanntgegeben<\/p>\n<p><strong>Dauer:<\/strong>\u00a0\u00a0\u00a0\u00a0\u00a0\u00a0\u00a0\u00a0\u00a0\u00a0\u00a0\u00a0\u00a0\u00a0\u00a0\u00a0\u00a0\u00a0\u00a0\u00a0\u00a0\u00a0\u00a0\u00a0\u00a0\u00a0\u00a0 ca. 6 Stunden (09.00 h -15.00 h \u00a0oder 10.00 h -16.00 h)<\/p>\n<p><strong>Anzahl Teilnehmer:<\/strong>\u00a0 \u00a0 \u00a0 \u00a0 mind. <strong>4 Personen<\/strong>,\u00a0 max. <strong>6 Personen<\/strong><\/p>\n<p>Ruten inkl. Schn\u00fcre in verschiedenen Schnurklassen stehen in ausreichender Menge f\u00fcr die Tests zur Verf\u00fcgung.<\/p>\n<p>Verpflegung und Getr\u00e4nke sind von den Teilnehmern selbst mitzubringen<\/p>\n<p>Kosten:\u00a0\u00a0 \u20ac 190.- je Teilnehmer<\/p>\n<p><strong>Unterweisung w\u00e4hrend der gesamten Veranstaltung von<\/strong><\/p>\n<p><strong>Willie Ostiadal\u00a0\u00a0\u00a0 \u00a0\u00a0\u00a0\u00a0\u00a0\u00a0 <\/strong>und<strong>\u00a0\u00a0\u00a0\u00a0\u00a0\u00a0\u00a0\u00a0\u00a0 <\/strong><\/p>\n<p><strong>Reinhard Lang<\/strong>\u00a0\u00a0\u00a0 &#8211; \u00a0\u00a0\u00a0(Bau gesplie\u00dfter Bambus Fliegenruten und Fliegenrollen)<\/p>\n<p>www.fliegenrutenbauer.at<\/p>\n<p>Voranmeldung: per E-Mail <a href=\"mailto:rblang@fibermail.at\">rblang@fibermail.at<\/a> oder Tel. +43(0)676 8141 4601.<\/p>\n<p>&nbsp;<\/p>\n<p><span style=\"color: #0000ff;\"><strong>Ab sofort: <\/strong><\/span><\/p>\n<p><span style=\"color: #0000ff;\"><strong>Knotenlose &#8222;Gesplie\u00dfte&#8220; bis 245 cm L\u00e4nge &#8211; das hei\u00dft 2- oder 3-teilige Ruten ohne Knoten im Bambus erh\u00e4ltlich. Es werden dazu keine Splei\u00dfe verleimt, sondern der Bambus hat Internodien zwischen 90 bis 120 cm L\u00e4nge.<\/strong><\/span><\/p>\n<p><strong>NEU im Programm<\/strong><\/p>\n<p>Gesplie\u00dfte Fliegenrutenrohlinge (Blank&#8217;s), siehe unter Rubrik PREISE<\/p>\n<p><span style=\"color: #ff0000;\">sowie &#8222;Gesplie\u00dfte&#8220; in hexagonaler und quadratischer Bauweise mit <strong>integrierten Bambush\u00fclsen<br \/>\nAufpreis\u00a0<\/strong>sh. Rubrik Preise<\/span><\/p>\n<p><span style=\"color: #0000ff;\">Ab sofort auch <strong>dreieckige gesplie\u00dfte Fliegenruten mit intergrierten Bambush\u00fclsen<\/strong> im Programm. Speziell aufw\u00e4ndige Anfertigung &#8211; ein Genuss zum Werfen. Bei Interesse bitte Anfragen.<\/span><\/p>\n<p><a href=\"http:\/\/www.fliegenrutenbauer.at\/wp-content\/uploads\/2020\/06\/20200601_073137-scaled.jpg\"><img loading=\"lazy\" decoding=\"async\" class=\"alignleft wp-image-1698\" src=\"http:\/\/www.fliegenrutenbauer.at\/wp-content\/uploads\/2020\/06\/20200601_073137-1024x576.jpg\" alt=\"\" width=\"408\" height=\"233\" \/><\/a><\/p>\n<p><a href=\"http:\/\/www.fliegenrutenbauer.at\/wp-content\/uploads\/2020\/06\/20200601_073529-scaled.jpg\"><img loading=\"lazy\" decoding=\"async\" class=\"alignleft wp-image-1699\" src=\"http:\/\/www.fliegenrutenbauer.at\/wp-content\/uploads\/2020\/06\/20200601_073529-1024x576.jpg\" alt=\"\" width=\"399\" height=\"228\" \/><\/a><\/p>\n<p>&nbsp;<\/p>\n<p>&nbsp;<\/p>\n<p>&nbsp;<\/p>\n<p>&nbsp;<\/p>\n<p>&nbsp;<\/p>\n<p>&nbsp;<\/p>\n<p>&nbsp;<\/p>\n<p><strong>WINTERZEIT ist RUTENBAUZEIT<\/strong><\/p>\n<p>Sollten Sie Interesse an einer Gesplie\u00dften haben, ist jetzt die beste Zeit f\u00fcr eine Bestellung, denn die Winterzeit ist bei mir vorwiegend Rutenbauzeit.<\/p>\n<p>Verschiedene Proberuten stehen zur Besichtigung und Probewerfen nach Terminvereinbarung bereit.<\/p>\n<p>&nbsp;<\/p>\n<p><strong>\u00a0\u00a0<\/strong><\/p>\n<p>&nbsp;<\/p>\n","protected":false},"excerpt":{"rendered":"<p>Gesplie\u00dfte Bambus Fliegenruten ein Mythos ??? Haben Sie sich schon einmal f\u00fcr Fliegenruten aus Bambus interessiert, aber nicht die M\u00f6glichkeit gehabt diese kennenzulernen und zu testen? Wie sie sich werfen, sie zu handhaben sind oder sich gegen\u00fcber modernen Ruten behaupten&hellip;<\/p>\n<p class=\"more-link-p\"><a class=\"more-link\" href=\"http:\/\/www.fliegenrutenbauer.at\/?page_id=116\">Read more &rarr;<\/a><\/p>\n","protected":false},"author":2,"featured_media":1161,"parent":0,"menu_order":0,"comment_status":"closed","ping_status":"open","template":"","meta":{"footnotes":""},"class_list":["post-116","page","type-page","status-publish","has-post-thumbnail","hentry"],"_links":{"self":[{"href":"http:\/\/www.fliegenrutenbauer.at\/index.php?rest_route=\/wp\/v2\/pages\/116","targetHints":{"allow":["GET"]}}],"collection":[{"href":"http:\/\/www.fliegenrutenbauer.at\/index.php?rest_route=\/wp\/v2\/pages"}],"about":[{"href":"http:\/\/www.fliegenrutenbauer.at\/index.php?rest_route=\/wp\/v2\/types\/page"}],"author":[{"embeddable":true,"href":"http:\/\/www.fliegenrutenbauer.at\/index.php?rest_route=\/wp\/v2\/users\/2"}],"replies":[{"embeddable":true,"href":"http:\/\/www.fliegenrutenbauer.at\/index.php?rest_route=%2Fwp%2Fv2%2Fcomments&post=116"}],"version-history":[{"count":126,"href":"http:\/\/www.fliegenrutenbauer.at\/index.php?rest_route=\/wp\/v2\/pages\/116\/revisions"}],"predecessor-version":[{"id":1815,"href":"http:\/\/www.fliegenrutenbauer.at\/index.php?rest_route=\/wp\/v2\/pages\/116\/revisions\/1815"}],"wp:featuredmedia":[{"embeddable":true,"href":"http:\/\/www.fliegenrutenbauer.at\/index.php?rest_route=\/wp\/v2\/media\/1161"}],"wp:attachment":[{"href":"http:\/\/www.fliegenrutenbauer.at\/index.php?rest_route=%2Fwp%2Fv2%2Fmedia&parent=116"}],"curies":[{"name":"wp","href":"https:\/\/api.w.org\/{rel}","templated":true}]}}