{"id":1166,"date":"2015-11-19T09:59:54","date_gmt":"2015-11-19T07:59:54","guid":{"rendered":"http:\/\/www.fliegenrutenbauer.at\/?page_id=1166"},"modified":"2023-02-15T17:58:31","modified_gmt":"2023-02-15T15:58:31","slug":"preise","status":"publish","type":"page","link":"http:\/\/www.fliegenrutenbauer.at\/?page_id=1166","title":{"rendered":"Preise"},"content":{"rendered":"<p><span style=\"color: #ff0000;\">Modelle in quadratischer Bauweise mit quadratischen Niroh\u00fclsen &#8211;<br \/>\nderzeit nur 2-teilig, # 4 bis zu einer L\u00e4nge von 7,2 ft zum Preis von \u20ac 1.300.- <\/span><\/p>\n<p>&nbsp;<\/p>\n<p>Modelle in hexagonaler Bauweise &#8211; sechseckig<\/p>\n<p><small><span style=\"font-family: Arial; font-size: small;\">Ausf\u00fchrungen<\/span><\/small><\/p>\n<p><small><span style=\"font-family: Arial; font-size: small;\">Edelholzrollenhalter, <\/span><\/small><small><span style=\"font-family: Arial; font-size: small;\">feinste Neusilberh\u00fclsen und Beschl\u00e4ge, <\/span><\/small><small><span style=\"font-family: Arial; font-size: small;\">selektierter Korkgriff, <\/span><\/small><small><span style=\"font-family: Arial; font-size: small;\">erlesene Seidenwicklungen, Achatleitring<\/span><\/small><\/p>\n<p>1 &#8211; teilig bis 170 cm L\u00e4nge\u00a0\u00a0\u00a0\u00a0\u00a0\u00a0\u00a0\u00a0\u00a0\u00a0\u00a0\u00a0 \u20ac 850.-<\/p>\n<p>2 &#8211; teilig mit einer Spitze\u00a0 \u00a0 \u00a0 \u00a0 \u00a0 \u00a0 \u00a0\u20ac 1.050.-<\/p>\n<p>2 &#8211; teilig mit zwei Spitzen\u00a0\u00a0\u00a0\u00a0\u00a0\u00a0\u00a0\u00a0\u00a0\u00a0\u00a0\u00a0\u20ac 1.300.-<\/p>\n<p>3 &#8211; teilig mit einer Spitze\u00a0\u00a0\u00a0\u00a0\u00a0\u00a0\u00a0\u00a0\u00a0\u00a0\u00a0\u00a0\u00a0\u20ac 1.200.-<\/p>\n<p>3 &#8211; teilig mit zwei Spitzen\u00a0\u00a0\u00a0\u00a0\u00a0\u00a0\u00a0\u00a0\u00a0\u00a0\u00a0 \u20ac 1.450.-<\/p>\n<p>gefl\u00e4mmte Ausf\u00fchrung plus\u00a0\u00a0\u00a0\u00a0\u00a0\u00a0\u00a0\u00a0\u00a0\u00a0\u00a0\u00a0 \u20ac 60.-<\/p>\n<p><span style=\"color: #ff0000;\">Kosten f\u00fcr gravierte H\u00fclsen oder Rollenhalterbeschl\u00e4ge je nach Art der Gravur zus\u00e4tzlich.<\/span><\/p>\n<p>Beschl\u00e4ge br\u00fcnieren je nach Anzahl und Ausf\u00fchrung (Rollenhalter, H\u00fclsen etc.) ab \u20ac 40.-<\/p>\n<p>jeweils bis Schnurklasse 6 und bis zu einer L\u00e4nge von 250 cm &#8211; andere Schnurklassen und L\u00e4ngen auf Anfrage.<\/p>\n<p>Lieferung im Stofffutteral<\/p>\n<p><span style=\"color: #ff0000;\">Aufpreis bei &#8222;Hexagonalen und Quadratischen Gesplie\u00dften&#8220; mit <strong>integrierten Bambush\u00fclsen<br \/>\n<\/strong><\/span><span style=\"color: #ff0000;\"> jeweils \u20ac 165.-<\/span><\/p>\n<p><span style=\"color: #ff0000;\">Aufpreis f\u00fcr quadratische Ruten zu hexagonalen jeweils \u20ac 150.-<\/span><\/p>\n<p>&nbsp;<\/p>\n<p><em>Bauen Sie sich eine gesplie\u00dfte Fliegenrute selber auf.<\/em><\/p>\n<p>Ab sofort auch gesplie\u00dfte hexagonale Rutenrohlinge (Blank\u2019s) auf Bestellung lieferbar.<\/p>\n<p>Hobelma\u00dfe (Taper) nach Vorgabe oder eigene von mir getestete Taper.<\/p>\n<p>Schnurklassen # 3 bis # 6, andere auf Anfrage<\/p>\n<p>1 \u2013 teilig bis 170 cm L\u00e4nge<\/p>\n<p>2 \u2013 teilig bis 245 cm, andere L\u00e4ngen auf Anfrage<\/p>\n<p>3 \u2013 teilig bis 245 cm, andere L\u00e4ngen auf Anfrage<\/p>\n<p>Ausf\u00fchrung:<\/p>\n<p>Auf das entsprechende Hobelma\u00df gehobelt, verleimt, geschliffen und poliert<\/p>\n<p>Preise:<\/p>\n<p>1 \u2013 teilig\u00a0 \u00a0 \u00a0 \u00a0 \u00a0 \u00a0 \u00a0 \u00a0 \u00a0 \u00a0 \u00a0 \u00a0 \u00a0 \u00a0 \u00a0 \u00a0 \u00a0 \u00a0 \u00a0 \u00a0 \u00a0\u20ac 400.-<\/p>\n<p>2 \u2013 teilig mit einer Spitze\u00a0 \u00a0 \u00a0 \u00a0 \u00a0 \u00a0 \u00a0 \u00a0 \u00a0\u20ac 460.-<\/p>\n<p>2 &#8211; teilig mit zwei Spitzen\u00a0 \u00a0 \u00a0 \u00a0 \u00a0 \u00a0 \u00a0 \u00a0 \u00a0\u20ac 600.-<\/p>\n<p>3 \u2013 teilig mit einer Spitze\u00a0 \u00a0 \u00a0 \u00a0 \u00a0 \u00a0 \u00a0 \u00a0 \u00a0\u20ac 650.-<\/p>\n<p>3 &#8211; teilig mit zwei Spitzen\u00a0 \u00a0 \u00a0 \u00a0 \u00a0 \u00a0 \u00a0 \u00a0 \u00a0\u20ac 790.-<\/p>\n<p><span style=\"color: #ff0000;\">Aufpreis f\u00fcr quadratische Blanks &#8211; nur in zweiteiliger Ausf\u00fchrung jeweils \u20ac 150.-\u00a0<\/span><\/p>\n<p><span style=\"color: #ff0000;\">Aufpreis f\u00fcr integrierte Bambush\u00fclsen je \u20ac 165.-<\/span><\/p>\n<p>Ausf\u00fchrung mit einmaliger Tauchlackierung\u00a0\u00a0\u00a0\u00a0 plus \u20ac 28.-<\/p>\n<p>Gefl\u00e4mmte Ausf\u00fchrung\u00a0\u00a0\u00a0\u00a0\u00a0\u00a0\u00a0\u00a0\u00a0\u00a0\u00a0\u00a0\u00a0\u00a0\u00a0\u00a0\u00a0\u00a0\u00a0\u00a0\u00a0\u00a0\u00a0\u00a0\u00a0\u00a0\u00a0\u00a0\u00a0\u00a0\u00a0\u00a0\u00a0\u00a0\u00a0 plus \u20ac 60.-<\/p>\n<p>Gr\u00f6\u00dfenm\u00e4\u00dfig passende Neusilberh\u00fclsen lieferbar. Preis auf Anfrage.<\/p>\n<p>LIEFERZEIT mindestens 3 Wochen ab Bestellung<\/p>\n<p>&nbsp;<\/p>\n<p><strong>GUTSCHEINE<\/strong><\/p>\n<p>Machen Sie einer lieben Freundin oder lieben Freund eine Freude.<\/p>\n<p>Schenken Sie einen Gutschein f\u00fcr eine gesplie\u00dfte Fliegenrute. Ausstellung in den von Ihnen gew\u00fcnschten Euro Betr\u00e4gen.<\/p>\n<p>&nbsp;<\/p>\n","protected":false},"excerpt":{"rendered":"<p>Modelle in quadratischer Bauweise mit quadratischen Niroh\u00fclsen &#8211; derzeit nur 2-teilig, # 4 bis zu einer L\u00e4nge von 7,2 ft zum Preis von \u20ac 1.300.- &nbsp; Modelle in hexagonaler Bauweise &#8211; sechseckig Ausf\u00fchrungen Edelholzrollenhalter, feinste Neusilberh\u00fclsen und Beschl\u00e4ge, selektierter Korkgriff,&hellip;<\/p>\n<p class=\"more-link-p\"><a class=\"more-link\" href=\"http:\/\/www.fliegenrutenbauer.at\/?page_id=1166\">Read more &rarr;<\/a><\/p>\n","protected":false},"author":2,"featured_media":0,"parent":0,"menu_order":0,"comment_status":"closed","ping_status":"closed","template":"","meta":{"footnotes":""},"class_list":["post-1166","page","type-page","status-publish","hentry"],"_links":{"self":[{"href":"http:\/\/www.fliegenrutenbauer.at\/index.php?rest_route=\/wp\/v2\/pages\/1166","targetHints":{"allow":["GET"]}}],"collection":[{"href":"http:\/\/www.fliegenrutenbauer.at\/index.php?rest_route=\/wp\/v2\/pages"}],"about":[{"href":"http:\/\/www.fliegenrutenbauer.at\/index.php?rest_route=\/wp\/v2\/types\/page"}],"author":[{"embeddable":true,"href":"http:\/\/www.fliegenrutenbauer.at\/index.php?rest_route=\/wp\/v2\/users\/2"}],"replies":[{"embeddable":true,"href":"http:\/\/www.fliegenrutenbauer.at\/index.php?rest_route=%2Fwp%2Fv2%2Fcomments&post=1166"}],"version-history":[{"count":18,"href":"http:\/\/www.fliegenrutenbauer.at\/index.php?rest_route=\/wp\/v2\/pages\/1166\/revisions"}],"predecessor-version":[{"id":1776,"href":"http:\/\/www.fliegenrutenbauer.at\/index.php?rest_route=\/wp\/v2\/pages\/1166\/revisions\/1776"}],"wp:attachment":[{"href":"http:\/\/www.fliegenrutenbauer.at\/index.php?rest_route=%2Fwp%2Fv2%2Fmedia&parent=1166"}],"curies":[{"name":"wp","href":"https:\/\/api.w.org\/{rel}","templated":true}]}}