{"id":1196,"date":"2016-03-14T14:35:26","date_gmt":"2016-03-14T12:35:26","guid":{"rendered":"http:\/\/www.fliegenrutenbauer.at\/?page_id=1196"},"modified":"2025-01-10T11:08:02","modified_gmt":"2025-01-10T09:08:02","slug":"rutenbaukurs","status":"publish","type":"page","link":"http:\/\/www.fliegenrutenbauer.at\/?page_id=1196","title":{"rendered":"Rutenbaukurs"},"content":{"rendered":"<p>&nbsp;<\/p>\n<p><strong>Biete Rutenbaukurse\/Workshops an &#8211; bauen Sie sich Ihre eigene individuelle Fliegenrute selbst.<\/strong><\/p>\n<p>Sie k\u00f6nnen bei mir einen Rutenbaukurs buchen. Die Kurse werden in meiner Werkst\u00e4tte abgehalten, wo alle Werkzeuge vorhanden sind. Die Dauer richtet sich danach, ob Sie alle Produktionsschritte (vom Spalten des Bambusrohres, Splei\u00dfbearbeitung, Hobeln, Anfertigung eines Rollenhalters, Korkgriff, Verh\u00fclsung etc.) selber machen oder nur teilweise \u00fcbernehmen wollen.<\/p>\n<p><strong>Kurstermine<\/strong> auf Anfrage.(Die Kurse k\u00f6nnen auf Tage oder auch auf Halbtage\u00a0aufgeteilt werden, wenn der Anfahrtsweg es zul\u00e4sst). Wollen Sie eine\u00a0fertige &#8222;Gesplie\u00dfte&#8220; nach dem Kurs nach Hause mitnehmen, muss\u00a0der Kurs\u00a0gesplittet werden &#8211; Lack-\/und Wicklungstrocknung .<\/p>\n<p><span style=\"color: #ff0000;\"><strong>Die Kurse mit einem oder zwei Teilnehmer finden bei mir in der Werkst\u00e4tte statt. Diese k\u00f6nnen zeitlich individuell gestaltet\/eingeteilt werden.<\/strong><\/span><\/p>\n<p><strong>Kosten<\/strong>:<br \/>\n1 Teilnehmer inkl. aller Materialien\u00a0 \u00a0 \u00a0 \u00a0 \u00a0 \u00a0<strong>\u20ac 1.050.-<\/strong><br \/>\n2 Teilnehmer inkl. aller Materialien\u00a0 \u00a0je\u00a0 \u00a0 \u00a0 \u00a0 <strong>\u20ac 900.-<\/strong><\/p>\n<p>&nbsp;<\/p>\n<p>Weitere Infos:<\/p>\n<p style=\"padding-left: 30px;\">Reinhard LANG, 4111 Walding, Sonnleitenweg 5<br \/>\nMobil: +43 (0)676 81414601, Mail: <strong><a href=\"mailto:rblang@aon.at\">rblang@fibermail.at<\/a><br \/>\n<\/strong>\u00fcber Kontaktformular auf <a href=\"http:\/\/www.fliegenrutenbauer.at\"><strong>www.fliegenrutenbauer.at<\/strong><\/a><\/p>\n","protected":false},"excerpt":{"rendered":"<p>&nbsp; Biete Rutenbaukurse\/Workshops an &#8211; bauen Sie sich Ihre eigene individuelle Fliegenrute selbst. Sie k\u00f6nnen bei mir einen Rutenbaukurs buchen. Die Kurse werden in meiner Werkst\u00e4tte abgehalten, wo alle Werkzeuge vorhanden sind. Die Dauer richtet sich danach, ob Sie alle&hellip;<\/p>\n<p class=\"more-link-p\"><a class=\"more-link\" href=\"http:\/\/www.fliegenrutenbauer.at\/?page_id=1196\">Read more &rarr;<\/a><\/p>\n","protected":false},"author":2,"featured_media":0,"parent":0,"menu_order":0,"comment_status":"closed","ping_status":"closed","template":"","meta":{"footnotes":""},"class_list":["post-1196","page","type-page","status-publish","hentry"],"_links":{"self":[{"href":"http:\/\/www.fliegenrutenbauer.at\/index.php?rest_route=\/wp\/v2\/pages\/1196","targetHints":{"allow":["GET"]}}],"collection":[{"href":"http:\/\/www.fliegenrutenbauer.at\/index.php?rest_route=\/wp\/v2\/pages"}],"about":[{"href":"http:\/\/www.fliegenrutenbauer.at\/index.php?rest_route=\/wp\/v2\/types\/page"}],"author":[{"embeddable":true,"href":"http:\/\/www.fliegenrutenbauer.at\/index.php?rest_route=\/wp\/v2\/users\/2"}],"replies":[{"embeddable":true,"href":"http:\/\/www.fliegenrutenbauer.at\/index.php?rest_route=%2Fwp%2Fv2%2Fcomments&post=1196"}],"version-history":[{"count":51,"href":"http:\/\/www.fliegenrutenbauer.at\/index.php?rest_route=\/wp\/v2\/pages\/1196\/revisions"}],"predecessor-version":[{"id":1805,"href":"http:\/\/www.fliegenrutenbauer.at\/index.php?rest_route=\/wp\/v2\/pages\/1196\/revisions\/1805"}],"wp:attachment":[{"href":"http:\/\/www.fliegenrutenbauer.at\/index.php?rest_route=%2Fwp%2Fv2%2Fmedia&parent=1196"}],"curies":[{"name":"wp","href":"https:\/\/api.w.org\/{rel}","templated":true}]}}