{"id":1334,"date":"2017-05-05T10:37:02","date_gmt":"2017-05-05T08:37:02","guid":{"rendered":"http:\/\/www.fliegenrutenbauer.at\/?page_id=1334"},"modified":"2025-02-24T17:03:02","modified_gmt":"2025-02-24T15:03:02","slug":"zubehoer","status":"publish","type":"page","link":"http:\/\/www.fliegenrutenbauer.at\/?page_id=1334","title":{"rendered":"Zubeh\u00f6r"},"content":{"rendered":"<p>&nbsp;<\/p>\n<p>Rutenrohre aus stabverleimten Bambus in hexagonaler\/sechseckiger Bauweise erh\u00e4ltlich.<br \/>\nDeckel mit starkem Magnetverschluss und Lederschlaufe zum \u00d6ffnen.<\/p>\n<p>&nbsp;<\/p>\n<p><a href=\"http:\/\/www.fliegenrutenbauer.at\/wp-content\/uploads\/2017\/05\/Bambusrohr-3-20170502_114619.jpg\"><img loading=\"lazy\" decoding=\"async\" class=\"alignleft wp-image-1337\" src=\"http:\/\/www.fliegenrutenbauer.at\/wp-content\/uploads\/2017\/05\/Bambusrohr-3-20170502_114619-1024x576.jpg\" alt=\"\" width=\"261\" height=\"149\" \/><\/a><\/p>\n<p><a href=\"http:\/\/www.fliegenrutenbauer.at\/wp-content\/uploads\/2017\/05\/Bambusrohr-1-20170502_115206.jpg\"><img loading=\"lazy\" decoding=\"async\" class=\"alignleft wp-image-1335\" src=\"http:\/\/www.fliegenrutenbauer.at\/wp-content\/uploads\/2017\/05\/Bambusrohr-1-20170502_115206-1024x576.jpg\" alt=\"\" width=\"262\" height=\"150\" \/><\/a><a href=\"http:\/\/www.fliegenrutenbauer.at\/wp-content\/uploads\/2017\/05\/Bambusrohr-2-20170502_114740.jpg\"><img loading=\"lazy\" decoding=\"async\" class=\"alignleft wp-image-1336\" src=\"http:\/\/www.fliegenrutenbauer.at\/wp-content\/uploads\/2017\/05\/Bambusrohr-2-20170502_114740-1024x576.jpg\" alt=\"\" width=\"262\" height=\"150\" \/><\/a><\/p>\n<p>&nbsp;<\/p>\n<p>&nbsp;<\/p>\n<p>&nbsp;<\/p>\n<p>&nbsp;<\/p>\n<p>&nbsp;<\/p>\n<p style=\"text-align: left;\">Derzeit auf Lager:<br \/>\nInnenl\u00e4nge 112 cm &#8211; Innendurchmesser 4 cm<br \/>\nInnenl\u00e4nge\u00a0118 cm &#8211;\u00a0Innendurchmesser 4 cm<\/p>\n<p>Preis: \u20ac 128.-<\/p>\n<p>andere L\u00e4ngen auf Bestellung !<\/p>\n<p>&nbsp;<\/p>\n<p><a href=\"http:\/\/www.fliegenrutenbauer.at\/wp-content\/uploads\/2018\/02\/Prist-20180214_154851.jpg\"><img loading=\"lazy\" decoding=\"async\" class=\"alignleft wp-image-1447 size-medium\" src=\"http:\/\/www.fliegenrutenbauer.at\/wp-content\/uploads\/2018\/02\/Prist-20180214_154851-350x197.jpg\" alt=\"\" width=\"350\" height=\"197\" srcset=\"http:\/\/www.fliegenrutenbauer.at\/wp-content\/uploads\/2018\/02\/Prist-20180214_154851-350x197.jpg 350w, http:\/\/www.fliegenrutenbauer.at\/wp-content\/uploads\/2018\/02\/Prist-20180214_154851-768x432.jpg 768w, http:\/\/www.fliegenrutenbauer.at\/wp-content\/uploads\/2018\/02\/Prist-20180214_154851.jpg 1000w\" sizes=\"auto, (max-width: 350px) 100vw, 350px\" \/><\/a><\/p>\n<p>&nbsp;<\/p>\n<p>&nbsp;<\/p>\n<p>&nbsp;<\/p>\n<p>&nbsp;<\/p>\n<p>&nbsp;<\/p>\n<p>&nbsp;<\/p>\n<p>Verschiedene Fischt\u00f6ter\u00a0in Messing- oder Aluausf\u00fchrung. Sechseckige Bambusverbindungen\u00a0mit verschiedenen Wurzelholzgriffen mit Lederriemen.<br \/>\nPreis: je \u20ac 38.-<\/p>\n<p>&nbsp;<\/p>\n<p><strong>FLIEGENBOXEN<\/strong><\/p>\n<p><a href=\"http:\/\/www.fliegenrutenbauer.at\/?attachment_id=1656\"><img loading=\"lazy\" decoding=\"async\" class=\"alignleft wp-image-1656\" src=\"http:\/\/www.fliegenrutenbauer.at\/wp-content\/uploads\/2019\/04\/20190411_082219-1024x576.jpg\" alt=\"\" width=\"219\" height=\"132\" \/><\/a><\/p>\n<p>&nbsp;<\/p>\n<p><img loading=\"lazy\" decoding=\"async\" class=\"alignleft wp-image-1658\" src=\"http:\/\/www.fliegenrutenbauer.at\/wp-content\/uploads\/2019\/04\/20190411_082129-1024x576.jpg\" alt=\"\" width=\"219\" height=\"132\" \/><\/p>\n<p>&nbsp;<\/p>\n<p>&nbsp;<\/p>\n<p>&nbsp;<\/p>\n<p>&nbsp;<\/p>\n<p>Verschiedene Fliegenboxen aus Nu\u00dfholz oder Bambus &#8211;\u00a0 mit Magnetf\u00e4chern.<\/p>\n<p>Gr\u00f6\u00dfen:<\/p>\n<p>ca. 12 x 10 x 3,2 cm mit Magnetf\u00e4chern\u00a0\u00a0\u00a0\u00a0\u00a0\u00a0\u00a0\u00a0\u00a0\u00a0\u00a0 \u20ac 48.-<\/p>\n<p>&nbsp;<\/p>\n<p><strong>GRAVUREN<\/strong><\/p>\n<p><a href=\"http:\/\/www.fliegenrutenbauer.at\/wp-content\/uploads\/2018\/02\/Gravur-1-20180214_153435.jpg\"><img loading=\"lazy\" decoding=\"async\" class=\"alignleft wp-image-1460 size-medium\" src=\"http:\/\/www.fliegenrutenbauer.at\/wp-content\/uploads\/2018\/02\/Gravur-1-20180214_153435-350x197.jpg\" alt=\"\" width=\"350\" height=\"197\" srcset=\"http:\/\/www.fliegenrutenbauer.at\/wp-content\/uploads\/2018\/02\/Gravur-1-20180214_153435-350x197.jpg 350w, http:\/\/www.fliegenrutenbauer.at\/wp-content\/uploads\/2018\/02\/Gravur-1-20180214_153435.jpg 768w\" sizes=\"auto, (max-width: 350px) 100vw, 350px\" \/><\/a><\/p>\n<p><a href=\"http:\/\/www.fliegenrutenbauer.at\/wp-content\/uploads\/2018\/02\/Gravur-2-20180214_153841.jpg\"><img loading=\"lazy\" decoding=\"async\" class=\"alignleft wp-image-1461 size-medium\" src=\"http:\/\/www.fliegenrutenbauer.at\/wp-content\/uploads\/2018\/02\/Gravur-2-20180214_153841-350x197.jpg\" alt=\"\" width=\"350\" height=\"197\" srcset=\"http:\/\/www.fliegenrutenbauer.at\/wp-content\/uploads\/2018\/02\/Gravur-2-20180214_153841-350x197.jpg 350w, http:\/\/www.fliegenrutenbauer.at\/wp-content\/uploads\/2018\/02\/Gravur-2-20180214_153841.jpg 768w\" sizes=\"auto, (max-width: 350px) 100vw, 350px\" \/><\/a><a href=\"http:\/\/www.fliegenrutenbauer.at\/wp-content\/uploads\/2018\/02\/Gravur-3-20180214_154136.jpg\"><img loading=\"lazy\" decoding=\"async\" class=\"alignleft wp-image-1462 size-medium\" src=\"http:\/\/www.fliegenrutenbauer.at\/wp-content\/uploads\/2018\/02\/Gravur-3-20180214_154136-350x197.jpg\" alt=\"\" width=\"350\" height=\"197\" srcset=\"http:\/\/www.fliegenrutenbauer.at\/wp-content\/uploads\/2018\/02\/Gravur-3-20180214_154136-350x197.jpg 350w, http:\/\/www.fliegenrutenbauer.at\/wp-content\/uploads\/2018\/02\/Gravur-3-20180214_154136.jpg 768w\" sizes=\"auto, (max-width: 350px) 100vw, 350px\" \/><\/a><a href=\"http:\/\/www.fliegenrutenbauer.at\/wp-content\/uploads\/2018\/02\/quadratische-H\u00fclsen-20180214_154016.jpg\"><img loading=\"lazy\" decoding=\"async\" class=\"alignleft wp-image-1510 size-medium\" src=\"http:\/\/www.fliegenrutenbauer.at\/wp-content\/uploads\/2018\/02\/quadratische-H\u00fclsen-20180214_154016-350x197.jpg\" alt=\"\" width=\"350\" height=\"197\" srcset=\"http:\/\/www.fliegenrutenbauer.at\/wp-content\/uploads\/2018\/02\/quadratische-H\u00fclsen-20180214_154016-350x197.jpg 350w, http:\/\/www.fliegenrutenbauer.at\/wp-content\/uploads\/2018\/02\/quadratische-H\u00fclsen-20180214_154016.jpg 768w\" sizes=\"auto, (max-width: 350px) 100vw, 350px\" \/><\/a><\/p>\n<p><a href=\"http:\/\/www.fliegenrutenbauer.at\/wp-content\/uploads\/2018\/02\/Korkabschlussringe-20180214_154328.jpg\"><img loading=\"lazy\" decoding=\"async\" class=\"alignleft wp-image-1463 size-medium\" src=\"http:\/\/www.fliegenrutenbauer.at\/wp-content\/uploads\/2018\/02\/Korkabschlussringe-20180214_154328-350x197.jpg\" alt=\"\" width=\"350\" height=\"197\" srcset=\"http:\/\/www.fliegenrutenbauer.at\/wp-content\/uploads\/2018\/02\/Korkabschlussringe-20180214_154328-350x197.jpg 350w, http:\/\/www.fliegenrutenbauer.at\/wp-content\/uploads\/2018\/02\/Korkabschlussringe-20180214_154328.jpg 768w\" sizes=\"auto, (max-width: 350px) 100vw, 350px\" \/><\/a><\/p>\n<p>&nbsp;<\/p>\n<p>&nbsp;<\/p>\n<p>&nbsp;<\/p>\n<p>&nbsp;<\/p>\n<p>&nbsp;<\/p>\n<p>&nbsp;<\/p>\n<p>&nbsp;<\/p>\n<p>&nbsp;<\/p>\n<p>&nbsp;<\/p>\n<p>&nbsp;<\/p>\n<p>&nbsp;<\/p>\n<p>&nbsp;<\/p>\n<p>&nbsp;<\/p>\n<p>&nbsp;<\/p>\n<p>&nbsp;<\/p>\n<p>&nbsp;<\/p>\n<p>Gravuren (handgestochen) der Rollenhalterbeschl\u00e4ge und der H\u00fclsen in verschiedenen Ausf\u00fchrungen, sowie Korkabschlussringe f\u00fcr hexagonale und quadratische Ruten in 24 % Neusilberausf\u00fchrung.<\/p>\n<p>Preise: auf Anfrage &#8211; je nach Art der Gravur<\/p>\n<p>&nbsp;<\/p>\n","protected":false},"excerpt":{"rendered":"<p>&nbsp; Rutenrohre aus stabverleimten Bambus in hexagonaler\/sechseckiger Bauweise erh\u00e4ltlich. Deckel mit starkem Magnetverschluss und Lederschlaufe zum \u00d6ffnen. &nbsp; &nbsp; &nbsp; &nbsp; &nbsp; &nbsp; Derzeit auf Lager: Innenl\u00e4nge 112 cm &#8211; Innendurchmesser 4 cm Innenl\u00e4nge\u00a0118 cm &#8211;\u00a0Innendurchmesser 4 cm Preis: \u20ac&hellip;<\/p>\n<p class=\"more-link-p\"><a class=\"more-link\" href=\"http:\/\/www.fliegenrutenbauer.at\/?page_id=1334\">Read more &rarr;<\/a><\/p>\n","protected":false},"author":2,"featured_media":0,"parent":0,"menu_order":0,"comment_status":"closed","ping_status":"closed","template":"","meta":{"footnotes":""},"class_list":["post-1334","page","type-page","status-publish","hentry"],"_links":{"self":[{"href":"http:\/\/www.fliegenrutenbauer.at\/index.php?rest_route=\/wp\/v2\/pages\/1334","targetHints":{"allow":["GET"]}}],"collection":[{"href":"http:\/\/www.fliegenrutenbauer.at\/index.php?rest_route=\/wp\/v2\/pages"}],"about":[{"href":"http:\/\/www.fliegenrutenbauer.at\/index.php?rest_route=\/wp\/v2\/types\/page"}],"author":[{"embeddable":true,"href":"http:\/\/www.fliegenrutenbauer.at\/index.php?rest_route=\/wp\/v2\/users\/2"}],"replies":[{"embeddable":true,"href":"http:\/\/www.fliegenrutenbauer.at\/index.php?rest_route=%2Fwp%2Fv2%2Fcomments&post=1334"}],"version-history":[{"count":40,"href":"http:\/\/www.fliegenrutenbauer.at\/index.php?rest_route=\/wp\/v2\/pages\/1334\/revisions"}],"predecessor-version":[{"id":1809,"href":"http:\/\/www.fliegenrutenbauer.at\/index.php?rest_route=\/wp\/v2\/pages\/1334\/revisions\/1809"}],"wp:attachment":[{"href":"http:\/\/www.fliegenrutenbauer.at\/index.php?rest_route=%2Fwp%2Fv2%2Fmedia&parent=1334"}],"curies":[{"name":"wp","href":"https:\/\/api.w.org\/{rel}","templated":true}]}}