{"id":1833,"date":"2026-03-25T17:24:54","date_gmt":"2026-03-25T15:24:54","guid":{"rendered":"http:\/\/www.fliegenrutenbauer.at\/?page_id=1833"},"modified":"2026-03-25T17:44:46","modified_gmt":"2026-03-25T15:44:46","slug":"bambus-ist-unsere-welt","status":"publish","type":"page","link":"http:\/\/www.fliegenrutenbauer.at\/?page_id=1833","title":{"rendered":"Bambus ist unsere Welt"},"content":{"rendered":"<p><img loading=\"lazy\" decoding=\"async\" class=\"alignleft size-large wp-image-1828\" src=\"http:\/\/www.fliegenrutenbauer.at\/wp-content\/uploads\/2026\/03\/1-Flyer-03.2026-513x1024.jpg\" alt=\"\" width=\"513\" height=\"1024\" srcset=\"http:\/\/www.fliegenrutenbauer.at\/wp-content\/uploads\/2026\/03\/1-Flyer-03.2026-513x1024.jpg 513w, http:\/\/www.fliegenrutenbauer.at\/wp-content\/uploads\/2026\/03\/1-Flyer-03.2026-175x350.jpg 175w, http:\/\/www.fliegenrutenbauer.at\/wp-content\/uploads\/2026\/03\/1-Flyer-03.2026-768x1532.jpg 768w, http:\/\/www.fliegenrutenbauer.at\/wp-content\/uploads\/2026\/03\/1-Flyer-03.2026-770x1536.jpg 770w, http:\/\/www.fliegenrutenbauer.at\/wp-content\/uploads\/2026\/03\/1-Flyer-03.2026.jpg 828w\" sizes=\"auto, (max-width: 513px) 100vw, 513px\" \/><\/p>\n<p>&nbsp;<\/p>\n<p>&nbsp;<\/p>\n<p>&nbsp;<\/p>\n<p><strong><span style=\"color: #ff0000;\">Fischereivereine oder Gruppen von Interessierter<\/span><\/strong><\/p>\n<p>&nbsp;<\/p>\n<p><span style=\"color: #000000;\">Sie k\u00f6nnen uns als Fischereiverein oder Gruppe von Interessierter buchen.<\/span><\/p>\n<p><span style=\"color: #000000;\">Sie geben uns den Termin vor, w\u00e4hlen den Veranstaltungs-<br \/>\n<span style=\"color: #000000;\">ort (mit Zufahrtsm\u00f6glichkeit) und wir kommen zu Ihnen.<\/span><\/span><\/p>\n<p><span style=\"color: #000000;\"><span style=\"color: #000000;\"><br \/>\n<\/span>Anfahrtsentfernung &#8211; im Radius 250 KM von Linz, \u00d6sterreich &#8211; weitere Entfernungen bitte auf Anfrage.<\/span><\/p>\n<p>&nbsp;<\/p>\n<p><span style=\"color: #000000;\">Teilnehmeranzahl:\u00a0 \u00a0 \u00a0 \u00a0 max. 15 Personen<\/span><\/p>\n<p><span style=\"color: #000000;\">Veranstaltungszeit:\u00a0 \u00a0 \u00a0 \u00a0von 09.00 bis 15.00 Uhr<\/span><\/p>\n<p><span style=\"color: #000000;\">Veranstaltungskosten:\u00a0 \u00a0\u20ac 1.200.-<\/span><\/p>\n<p><span style=\"color: #000000;\">Unterweisung durch:\u00a0 \u00a0 \u00a0 Willie Ostiadal<br \/>\n<\/span>\u00a0 \u00a0 \u00a0 \u00a0 \u00a0 \u00a0 \u00a0 \u00a0 \u00a0 \u00a0 \u00a0 \u00a0 \u00a0 \u00a0 \u00a0 \u00a0 \u00a0 \u00a0 \u00a0 <span style=\"color: #000000;\">Reinhard Lang<\/span><\/p>\n<p>&nbsp;<\/p>\n<p><span style=\"color: #000000;\">Anmeldung bitte per E-Mail:\u00a0 \u00a0 rblang@fibermail.at<\/span><\/p>\n<p>&nbsp;<\/p>\n","protected":false},"excerpt":{"rendered":"<p>&nbsp; &nbsp; &nbsp; Fischereivereine oder Gruppen von Interessierter &nbsp; Sie k\u00f6nnen uns als Fischereiverein oder Gruppe von Interessierter buchen. Sie geben uns den Termin vor, w\u00e4hlen den Veranstaltungs- ort (mit Zufahrtsm\u00f6glichkeit) und wir kommen zu Ihnen. Anfahrtsentfernung &#8211; im Radius&hellip;<\/p>\n<p class=\"more-link-p\"><a class=\"more-link\" href=\"http:\/\/www.fliegenrutenbauer.at\/?page_id=1833\">Read more &rarr;<\/a><\/p>\n","protected":false},"author":2,"featured_media":0,"parent":0,"menu_order":0,"comment_status":"closed","ping_status":"closed","template":"","meta":{"footnotes":""},"class_list":["post-1833","page","type-page","status-publish","hentry"],"_links":{"self":[{"href":"http:\/\/www.fliegenrutenbauer.at\/index.php?rest_route=\/wp\/v2\/pages\/1833","targetHints":{"allow":["GET"]}}],"collection":[{"href":"http:\/\/www.fliegenrutenbauer.at\/index.php?rest_route=\/wp\/v2\/pages"}],"about":[{"href":"http:\/\/www.fliegenrutenbauer.at\/index.php?rest_route=\/wp\/v2\/types\/page"}],"author":[{"embeddable":true,"href":"http:\/\/www.fliegenrutenbauer.at\/index.php?rest_route=\/wp\/v2\/users\/2"}],"replies":[{"embeddable":true,"href":"http:\/\/www.fliegenrutenbauer.at\/index.php?rest_route=%2Fwp%2Fv2%2Fcomments&post=1833"}],"version-history":[{"count":5,"href":"http:\/\/www.fliegenrutenbauer.at\/index.php?rest_route=\/wp\/v2\/pages\/1833\/revisions"}],"predecessor-version":[{"id":1839,"href":"http:\/\/www.fliegenrutenbauer.at\/index.php?rest_route=\/wp\/v2\/pages\/1833\/revisions\/1839"}],"wp:attachment":[{"href":"http:\/\/www.fliegenrutenbauer.at\/index.php?rest_route=%2Fwp%2Fv2%2Fmedia&parent=1833"}],"curies":[{"name":"wp","href":"https:\/\/api.w.org\/{rel}","templated":true}]}}