{"id":20,"date":"2014-11-18T09:50:29","date_gmt":"2014-11-18T07:50:29","guid":{"rendered":"http:\/\/www.fliegenrutenbauer.at\/?page_id=20"},"modified":"2016-11-17T15:03:59","modified_gmt":"2016-11-17T13:03:59","slug":"ueber-mich","status":"publish","type":"page","link":"http:\/\/www.fliegenrutenbauer.at\/?page_id=20","title":{"rendered":"\u00dcber mich"},"content":{"rendered":"<p>&nbsp;<\/p>\n<p>Schon seit dem Kindesalter war ich durch meinen Vater intensiv mit der Natur verbunden. Meine Eltern hatten im wundersch\u00f6nen M\u00fchlviertel eine mittelgro\u00dfe Landwirtschaft, sodass ich meine Kindheit in noch \u00fcberwiegend unber\u00fchrter Natur verbringen durfte.<\/p>\n<p>Mein Vater war nebenbei begeisterter J\u00e4ger, Imker und Fischteichbewirtschafter und ich war in all diese Dinge eingebunden und konnte dabei viel Erfahrung sammeln.<\/p>\n<p>Mit der J\u00e4gerei, Imkerei und dem Fischen war ich bis zum sogenannten \u201eTeenageralter\u201c eng verbunden. Dies \u00e4nderte sich aber schlagartig, als ich mich f\u00fcr das sch\u00f6ne Geschlecht zu interessieren begann.<\/p>\n<p>Nach der Familiengr\u00fcndung und dem Hausbau besann ich mich wieder meiner sch\u00f6nen Hobbys, machte die Jagdpr\u00fcfung, einige Jahre sp\u00e4ter die Imkerausbildung bis zum Imkermeister und schlie\u00dflich auch noch die Fischerpr\u00fcfung.<\/p>\n<p>Bei\u00a0den Fischerkursen\u00a0wurde die Fliegenfischerei nur am Rande erw\u00e4hnt, f\u00fcr welche ich mich dann aber umso mehr zu interessieren begann, denn die im Kurs gezeigten \u201eDrillinge mit Widerhaken\u201c war gar nicht nach meinem Geschmack.<\/p>\n<p>So befasste ich mich ausschlie\u00dflich mit dem Fliegenfischen, verschlang f\u00f6rmlich die angebotene Literatur und besuchte mehrere Wurfkurse.<\/p>\n<p>Ich fischte mit Kohlefaserruten in den sch\u00f6nen Gew\u00e4ssern des M\u00fchlviertels und der n\u00e4heren Umgebung, wobei mir in der Waldaist ein Fliegenfischer begegnete und meine Rute begutachtete. Er hatte eine \u201eGesplie\u00dfte\u201c mit und erkl\u00e4rte mir dann, dass er, wenn er einem Fliegenfischer begegnet, sofort schaut, ob dieser nicht ebenfalls mit einer \u201eGesplie\u00dften\u201c fischt, um dann mit diesem Erfahrungen auszutauschen.<\/p>\n<p>Da ich mich vorher nicht mit \u201eGesplie\u00dften\u201c befasst hatte, wurde ich neugierig und st\u00f6berte im Internet. Die \u201eGesplie\u00dften\u201c weckten mein Interesse, da es sich beim Ausgangsmaterial Bambus um ein Naturmaterial handelt und auch handwerklich gemacht werden.<\/p>\n<p>Somit begann ich, mich f\u00fcr den Rutenbau zu interessieren und meldete mich gleich bei Rolf Baginski zu einem Rutenbaukurs in Waischenfeld an.<\/p>\n<p>Dort hat mich dann der \u201eRutenbauvirus\u201c erfasst und mich bis heute nicht mehr losgelassen.<\/p>\n<p>Die Anf\u00e4nge waren steinig, aber durch stete Weiterbildung und Erfahrungsaustausch bei diversen Rutenbauertreffen in Deutschland und der Schweiz habe ich mir die F\u00e4higkeit, handwerklich nach traditioneller Weise erstklassig verarbeitete \u201eGesplie\u00dfte\u201c zu bauen, angeeignet.<\/p>\n<p style=\"text-align: left;\">Ich hoffe, ich habe Ihr Interesse geweckt und stehe f\u00fcr Anfragen hinsichtlich gesplie\u00dfter Fliegenruten gerne zur Verf\u00fcgung. Sollten Sie an einer &#8222;Gesplie\u00dften&#8220; Interesse haben, scheuen Sie sich nicht und nehmen Sie mit mir unverbindlich Kontakt auf.<\/p>\n<p>F\u00fcr die Besichtigung und Probewerfen stehen einige Ruten zur Verf\u00fcgung.<\/p>\n<p>&nbsp;<\/p>\n<p>&nbsp;<\/p>\n<p><a href=\"http:\/\/www.fliegenrutenbauer.at\/wp-content\/uploads\/2014\/11\/IMG_2838-Kopie1.jpg\"><img loading=\"lazy\" decoding=\"async\" class=\"alignleft wp-image-866 size-thumbnail\" src=\"http:\/\/www.fliegenrutenbauer.at\/wp-content\/uploads\/2014\/11\/IMG_2838-Kopie1-200x200.jpg\" alt=\"IMG_2838 Kopie\" width=\"200\" height=\"200\" \/><\/a><a href=\"http:\/\/www.fliegenrutenbauer.at\/wp-content\/uploads\/2014\/11\/\u00c4sche-Amper-bea.1.jpg\"><img loading=\"lazy\" decoding=\"async\" class=\"alignleft wp-image-865 size-thumbnail\" src=\"http:\/\/www.fliegenrutenbauer.at\/wp-content\/uploads\/2014\/11\/\u00c4sche-Amper-bea.1-200x200.jpg\" alt=\"OLYMPUS DIGITAL CAMERA\" width=\"200\" height=\"200\" \/><\/a><a href=\"http:\/\/www.fliegenrutenbauer.at\/wp-content\/uploads\/2014\/12\/P91600201.jpg\"><img loading=\"lazy\" decoding=\"async\" class=\"alignleft wp-image-969 size-thumbnail\" src=\"http:\/\/www.fliegenrutenbauer.at\/wp-content\/uploads\/2014\/12\/P91600201-200x200.jpg\" alt=\"OLYMPUS DIGITAL CAMERA\" width=\"200\" height=\"200\" \/><\/a><\/p>\n<p>&nbsp;<\/p>\n<p>&nbsp;<\/p>\n<p>&nbsp;<\/p>\n<p>&nbsp;<\/p>\n<p>&nbsp;<\/p>\n<p>&nbsp;<\/p>\n<p>Gemeinschaftsfoto der Teilnehmer\u00a0beim europ\u00e4ischen Rutenbauertreffen<\/p>\n<p>vom 24. bis 26. Oktober 2014 in Waischenfeld, Fr\u00e4nkische Schweiz.<br \/>\n<a href=\"http:\/\/www.fliegenrutenbauer.at\/wp-content\/uploads\/2014\/12\/1-Rutenbauertreffen-24-26-Oktober-2014.jpg\"><img loading=\"lazy\" decoding=\"async\" class=\"alignleft size-medium wp-image-1023\" src=\"http:\/\/www.fliegenrutenbauer.at\/wp-content\/uploads\/2014\/12\/1-Rutenbauertreffen-24-26-Oktober-2014-350x233.jpg\" alt=\"1-Rutenbauertreffen 24-26-Oktober 2014\" width=\"350\" height=\"233\" srcset=\"http:\/\/www.fliegenrutenbauer.at\/wp-content\/uploads\/2014\/12\/1-Rutenbauertreffen-24-26-Oktober-2014-350x233.jpg 350w, http:\/\/www.fliegenrutenbauer.at\/wp-content\/uploads\/2014\/12\/1-Rutenbauertreffen-24-26-Oktober-2014-1024x682.jpg 1024w, http:\/\/www.fliegenrutenbauer.at\/wp-content\/uploads\/2014\/12\/1-Rutenbauertreffen-24-26-Oktober-2014.jpg 1280w\" sizes=\"auto, (max-width: 350px) 100vw, 350px\" \/><\/a><\/p>\n<p>&nbsp;<\/p>\n<p>&nbsp;<\/p>\n<p>&nbsp;<\/p>\n<p>&nbsp;<\/p>\n<p>&nbsp;<\/p>\n<p>&nbsp;<\/p>\n<p>&nbsp;<\/p>\n<p>Gruppenfoto des 8. Europ\u00e4ischen Rutenbauertreffens vom 21.-23.10.2016 in Sarnen \/ Schweiz<\/p>\n<p><img loading=\"lazy\" decoding=\"async\" class=\"alignleft size-large wp-image-1243\" src=\"http:\/\/www.fliegenrutenbauer.at\/wp-content\/uploads\/2014\/11\/8-Europ\u00e4ische-Rutenbauertreffen-Sarner-Schweiz-Gruppenbild2-1024x683.jpg\" alt=\"8-europaeische-rutenbauertreffen-sarner-schweiz-gruppenbild2\" width=\"956\" height=\"638\" srcset=\"http:\/\/www.fliegenrutenbauer.at\/wp-content\/uploads\/2014\/11\/8-Europ\u00e4ische-Rutenbauertreffen-Sarner-Schweiz-Gruppenbild2-1024x683.jpg 1024w, http:\/\/www.fliegenrutenbauer.at\/wp-content\/uploads\/2014\/11\/8-Europ\u00e4ische-Rutenbauertreffen-Sarner-Schweiz-Gruppenbild2-350x233.jpg 350w, http:\/\/www.fliegenrutenbauer.at\/wp-content\/uploads\/2014\/11\/8-Europ\u00e4ische-Rutenbauertreffen-Sarner-Schweiz-Gruppenbild2-768x512.jpg 768w\" sizes=\"auto, (max-width: 956px) 100vw, 956px\" \/><\/p>\n<p>&nbsp;<\/p>\n<p>&nbsp;<\/p>\n<p>&nbsp;<\/p>\n<p>&nbsp;<\/p>\n<p>&nbsp;<\/p>\n<p>&nbsp;<\/p>\n<p>&nbsp;<\/p>\n<p>&nbsp;<\/p>\n<p>&nbsp;<\/p>\n<p>&nbsp;<\/p>\n<p>&nbsp;<\/p>\n<p>&nbsp;<\/p>\n<p>&nbsp;<\/p>\n<p>&nbsp;<\/p>\n<p>&nbsp;<\/p>\n<p>&nbsp;<\/p>\n<p>&nbsp;<\/p>\n<p>&nbsp;<\/p>\n<p>&nbsp;<\/p>\n<p>&nbsp;<\/p>\n<p>&nbsp;<\/p>\n<p>&nbsp;<\/p>\n<p>&nbsp;<\/p>\n<p>&nbsp;<\/p>\n<p>&nbsp;<\/p>\n<p>&nbsp;<\/p>\n","protected":false},"excerpt":{"rendered":"<p>&nbsp; Schon seit dem Kindesalter war ich durch meinen Vater intensiv mit der Natur verbunden. Meine Eltern hatten im wundersch\u00f6nen M\u00fchlviertel eine mittelgro\u00dfe Landwirtschaft, sodass ich meine Kindheit in noch \u00fcberwiegend unber\u00fchrter Natur verbringen durfte. Mein Vater war nebenbei begeisterter&hellip;<\/p>\n<p class=\"more-link-p\"><a class=\"more-link\" href=\"http:\/\/www.fliegenrutenbauer.at\/?page_id=20\">Read more &rarr;<\/a><\/p>\n","protected":false},"author":1,"featured_media":0,"parent":0,"menu_order":0,"comment_status":"closed","ping_status":"open","template":"","meta":{"footnotes":""},"class_list":["post-20","page","type-page","status-publish","hentry"],"_links":{"self":[{"href":"http:\/\/www.fliegenrutenbauer.at\/index.php?rest_route=\/wp\/v2\/pages\/20","targetHints":{"allow":["GET"]}}],"collection":[{"href":"http:\/\/www.fliegenrutenbauer.at\/index.php?rest_route=\/wp\/v2\/pages"}],"about":[{"href":"http:\/\/www.fliegenrutenbauer.at\/index.php?rest_route=\/wp\/v2\/types\/page"}],"author":[{"embeddable":true,"href":"http:\/\/www.fliegenrutenbauer.at\/index.php?rest_route=\/wp\/v2\/users\/1"}],"replies":[{"embeddable":true,"href":"http:\/\/www.fliegenrutenbauer.at\/index.php?rest_route=%2Fwp%2Fv2%2Fcomments&post=20"}],"version-history":[{"count":27,"href":"http:\/\/www.fliegenrutenbauer.at\/index.php?rest_route=\/wp\/v2\/pages\/20\/revisions"}],"predecessor-version":[{"id":1244,"href":"http:\/\/www.fliegenrutenbauer.at\/index.php?rest_route=\/wp\/v2\/pages\/20\/revisions\/1244"}],"wp:attachment":[{"href":"http:\/\/www.fliegenrutenbauer.at\/index.php?rest_route=%2Fwp%2Fv2%2Fmedia&parent=20"}],"curies":[{"name":"wp","href":"https:\/\/api.w.org\/{rel}","templated":true}]}}