{"id":576,"date":"2014-11-27T11:07:59","date_gmt":"2014-11-27T09:07:59","guid":{"rendered":"http:\/\/www.fliegenrutenbauer.at\/?page_id=576"},"modified":"2017-11-07T08:13:23","modified_gmt":"2017-11-07T06:13:23","slug":"rutenbau","status":"publish","type":"page","link":"http:\/\/www.fliegenrutenbauer.at\/?page_id=576","title":{"rendered":"Rutenbau"},"content":{"rendered":"<p>Man unterscheidet bei gesplie\u00dften Ruten zwei Bearbeitungsmethoden und zwar von Hand gespaltene und gehobelte Bamubusrohre (Arundinaria amabilis)\u00a0sowie maschinell ges\u00e4gte und gefr\u00e4ste Bambusrohre.<\/p>\n<p>Beim handgespaltenen Rohr erfolgt die Spaltung dem nat\u00fcrlichen Faserverlauf, die Rohsplei\u00dfe werden dann gerichtet, die Knoten bearbeitet und dann von Hand in die endg\u00fcltige Form gehobelt, sodass die sogenannten Kraftfibern nicht besch\u00e4digt werden.<\/p>\n<p>Bei den maschinell ges\u00e4gten Rohren werden der nat\u00fcrliche Faserverlauf und die Knoten besch\u00e4digt.<\/p>\n<p>Handgefertigte Fliegenruten ben\u00f6tigen eine Unzahl von einzelnen Arbeitsschritten und einen Zeitaufwand von rund 50 Stunden.<\/p>\n<p>&nbsp;<\/p>\n<p><strong><span style=\"text-decoration: underline;\">Rutenbau<\/span><\/strong><\/p>\n<p>Bei mir werden die Ruten von Hand aufgebaut, wobei ausgesuchter Bambus und hochwertige Komponenten pr\u00e4zise verarbeitet werden. Sie k\u00f6nnen sich f\u00fcr eines meiner Taer oder auch f\u00fcr eines von Ihnen vorgegebenen oder eines bekannten Rutenbauers entscheiden.<\/p>\n<p><span style=\"text-decoration: underline;\"><strong>Ausstattung<\/strong><\/span><\/p>\n<p>Bei der Ausstattung Ihrer gesplie\u00dften Fliegenrute haben Sie viele Gestaltungsm\u00f6glichkeiten bei der L\u00e4nge, Taper, Blankfarbe, Teilung, Wurzelrollenhalter, Leitring, Wicklungsfarbe etc. Lassen Sie sich beraten und probieren Sie eine Proberute, von denen immer einige auf Lager sind.<\/p>\n<p>&nbsp;<\/p>\n<p>Ich m\u00f6chte Ihnen nachfolgend in Kurzform mit entsprechenden Bildern die Arbeitsabl\u00e4ufe vom Bambusrohr bis zur fertigen gesplie\u00dften Fliegenrute n\u00e4herbringen.<\/p>\n<p>&nbsp;<\/p>\n<p><a href=\"http:\/\/www.fliegenrutenbauer.at\/wp-content\/uploads\/2015\/01\/bambus.jpg\"><img loading=\"lazy\" decoding=\"async\" class=\"alignleft wp-image-1073 size-thumbnail\" src=\"http:\/\/www.fliegenrutenbauer.at\/wp-content\/uploads\/2015\/01\/bambus-200x200.jpg\" alt=\"bambus\" width=\"200\" height=\"200\" \/><\/a><\/p>\n<p>Das verwendete Ausgangsmaterial ist Bambus (Arundinaria amabilis) genannt auch Tonkin. Es gibt bis zu 1500 verschiedene Sorten von Bambus, wobei Tonkin die meisten Kraftfibern von ca. 53 % aufweist\u00a0 und daher f\u00fcr den Bau gesplie\u00dfter Fliegenruten am besten geeignet ist. Tonkin w\u00e4chst in China in der Provinz Kwangtung um den Ort Hujaiji. Kultivierungsversuche in anderen Regionen der Welt waren unbefriedigend. Bambus ist plastisch, das hei\u00dft es kann unter Hitzeeinwirkung geformt werden.<\/p>\n<p>&nbsp;<\/p>\n<p>&nbsp;<\/p>\n<p>&nbsp;<\/p>\n<p><a href=\"http:\/\/www.fliegenrutenbauer.at\/wp-content\/uploads\/2014\/11\/Rutenbauer_-DSC04533.jpg\"><img loading=\"lazy\" decoding=\"async\" class=\"alignright wp-image-905 size-medium\" src=\"http:\/\/www.fliegenrutenbauer.at\/wp-content\/uploads\/2014\/11\/Rutenbauer_-DSC04533-350x233.jpg\" alt=\"Rutenbauer_ DSC04533\" width=\"350\" height=\"233\" srcset=\"http:\/\/www.fliegenrutenbauer.at\/wp-content\/uploads\/2014\/11\/Rutenbauer_-DSC04533-350x233.jpg 350w, http:\/\/www.fliegenrutenbauer.at\/wp-content\/uploads\/2014\/11\/Rutenbauer_-DSC04533-1024x682.jpg 1024w, http:\/\/www.fliegenrutenbauer.at\/wp-content\/uploads\/2014\/11\/Rutenbauer_-DSC04533.jpg 1152w\" sizes=\"auto, (max-width: 350px) 100vw, 350px\" \/><\/a><\/p>\n<p>&nbsp;<\/p>\n<p>Das Bambusrohr wird von Hand mit einem alten Messer etc. in Wuchsrichtung gespalten, sodass keine Kraftfibern verletzt werden. Es werden so viele Splei\u00dfe gemacht, soviel f\u00fcr die entsprechend zu bauende Rute ben\u00f6tigt werden.<\/p>\n<p>&nbsp;<\/p>\n<p>&nbsp;<\/p>\n<p>&nbsp;<\/p>\n<p>&nbsp;<\/p>\n<p><a href=\"http:\/\/www.fliegenrutenbauer.at\/wp-content\/uploads\/2014\/12\/Rutenbauer_-DSC04536bc.jpg\"><img loading=\"lazy\" decoding=\"async\" class=\"alignleft wp-image-907 size-thumbnail\" src=\"http:\/\/www.fliegenrutenbauer.at\/wp-content\/uploads\/2014\/12\/Rutenbauer_-DSC04536bc-200x200.jpg\" alt=\"Rutenbauer_ DSC04536bc\" width=\"200\" height=\"200\" \/><\/a><a href=\"http:\/\/www.fliegenrutenbauer.at\/wp-content\/uploads\/2014\/11\/IMG_4417.jpg\"><img loading=\"lazy\" decoding=\"async\" class=\"alignleft wp-image-1268 size-thumbnail\" src=\"http:\/\/www.fliegenrutenbauer.at\/wp-content\/uploads\/2014\/11\/IMG_4417-200x200.jpg\" width=\"200\" height=\"200\" \/><\/a><\/p>\n<p>&nbsp;<\/p>\n<p>Nach dem Richten der Splei\u00dfe, Bearbeitung der Blattans\u00e4tze unter Hitzeeinwirkung werden die Knoten gepresst.<\/p>\n<p>&nbsp;<\/p>\n<p>&nbsp;<\/p>\n<p>&nbsp;<\/p>\n<p>&nbsp;<\/p>\n<p><a href=\"http:\/\/www.fliegenrutenbauer.at\/wp-content\/uploads\/2014\/11\/Rutenbauer_-DSC04556bc.jpg\"><img loading=\"lazy\" decoding=\"async\" class=\"alignright wp-image-924 size-medium\" src=\"http:\/\/www.fliegenrutenbauer.at\/wp-content\/uploads\/2014\/11\/Rutenbauer_-DSC04556bc-350x233.jpg\" alt=\"Rutenbauer_ DSC04556bc\" width=\"350\" height=\"233\" srcset=\"http:\/\/www.fliegenrutenbauer.at\/wp-content\/uploads\/2014\/11\/Rutenbauer_-DSC04556bc-350x233.jpg 350w, http:\/\/www.fliegenrutenbauer.at\/wp-content\/uploads\/2014\/11\/Rutenbauer_-DSC04556bc-1024x682.jpg 1024w, http:\/\/www.fliegenrutenbauer.at\/wp-content\/uploads\/2014\/11\/Rutenbauer_-DSC04556bc.jpg 1152w\" sizes=\"auto, (max-width: 350px) 100vw, 350px\" \/><\/a><\/p>\n<p>Der n\u00e4chste Arbeitsschritt ist das Vorhobeln oder Vorschleifen der einzelnen Spei\u00dfe auf ein gleichseitiges Dreieck (60\u00b0 &#8211; bei hexagonaler Bauweise werden sechs Splei\u00dfe ben\u00f6tigt).\u00a0Es werden dann jeweils\u00a0sechs Splei\u00dfe mit einer Kreuzwicklung gebunden, wobei die Au\u00dfenseite des Bambus (Emailseite) immer im Inneren des\u00a0Verbundes liegen soll, denn ansonsten besteht die Gefahr, dass sich unter dem\u00a0Trocknungsvorgang die Knoten wieder ausdehnen.<\/p>\n<p><a href=\"http:\/\/www.fliegenrutenbauer.at\/wp-content\/uploads\/2014\/11\/DSC_4360-2-1.jpg\"><img loading=\"lazy\" decoding=\"async\" class=\"alignleft wp-image-1415\" src=\"http:\/\/www.fliegenrutenbauer.at\/wp-content\/uploads\/2014\/11\/DSC_4360-2-1-1024x682.jpg\" alt=\"\" width=\"322\" height=\"217\" \/><\/a><\/p>\n<p>&nbsp;<\/p>\n<p>&nbsp;<\/p>\n<p>&nbsp;<\/p>\n<p>&nbsp;<\/p>\n<p>&nbsp;<\/p>\n<p>&nbsp;<\/p>\n<p>&nbsp;<\/p>\n<p>&nbsp;<\/p>\n<p>&nbsp;<\/p>\n<p><a href=\"http:\/\/www.fliegenrutenbauer.at\/wp-content\/uploads\/2014\/12\/Rutenbauer_-DSC04540bc.jpg\"><img loading=\"lazy\" decoding=\"async\" class=\"alignleft wp-image-908 size-thumbnail\" src=\"http:\/\/www.fliegenrutenbauer.at\/wp-content\/uploads\/2014\/12\/Rutenbauer_-DSC04540bc-200x200.jpg\" alt=\"Rutenbauer_ DSC04540bc\" width=\"200\" height=\"200\" \/><\/a><a href=\"http:\/\/www.fliegenrutenbauer.at\/wp-content\/uploads\/2014\/12\/Rutenbauer_-DSC04541.jpg\"><img loading=\"lazy\" decoding=\"async\" class=\"alignleft wp-image-909\" src=\"http:\/\/www.fliegenrutenbauer.at\/wp-content\/uploads\/2014\/12\/Rutenbauer_-DSC04541-350x233.jpg\" alt=\"Rutenbauer_ DSC04541\" width=\"270\" height=\"180\" srcset=\"http:\/\/www.fliegenrutenbauer.at\/wp-content\/uploads\/2014\/12\/Rutenbauer_-DSC04541-350x233.jpg 350w, http:\/\/www.fliegenrutenbauer.at\/wp-content\/uploads\/2014\/12\/Rutenbauer_-DSC04541-1024x682.jpg 1024w, http:\/\/www.fliegenrutenbauer.at\/wp-content\/uploads\/2014\/12\/Rutenbauer_-DSC04541.jpg 1152w\" sizes=\"auto, (max-width: 270px) 100vw, 270px\" \/><\/a><\/p>\n<p>F\u00fcr den Trocknungsvorgang der gebundenen Splei\u00dfe verwende ich einen isolierten Ofen mit Zwangsentl\u00fcftung in die die Splei\u00dfe geh\u00e4ngt werden. Der Ofen wird mit einem elektronisch regelbaren Hei\u00dfluftf\u00f6n beheizt.<\/p>\n<p>Die Kontrolle der Temperatur erfolgt mit Thermometern an zwei Me\u00dfstellen im Ofen.<\/p>\n<p>&nbsp;<\/p>\n<p>&nbsp;<\/p>\n<p><a href=\"http:\/\/www.fliegenrutenbauer.at\/wp-content\/uploads\/2014\/12\/Rutenbauer_-DSC04546bc.jpg\"><img loading=\"lazy\" decoding=\"async\" class=\"alignright wp-image-929 size-medium\" src=\"http:\/\/www.fliegenrutenbauer.at\/wp-content\/uploads\/2014\/12\/Rutenbauer_-DSC04546bc-350x233.jpg\" alt=\"Rutenbauer_ DSC04546bc\" width=\"350\" height=\"233\" srcset=\"http:\/\/www.fliegenrutenbauer.at\/wp-content\/uploads\/2014\/12\/Rutenbauer_-DSC04546bc-350x233.jpg 350w, http:\/\/www.fliegenrutenbauer.at\/wp-content\/uploads\/2014\/12\/Rutenbauer_-DSC04546bc-1024x682.jpg 1024w, http:\/\/www.fliegenrutenbauer.at\/wp-content\/uploads\/2014\/12\/Rutenbauer_-DSC04546bc.jpg 1152w\" sizes=\"auto, (max-width: 350px) 100vw, 350px\" \/><\/a><\/p>\n<p>&nbsp;<\/p>\n<p>Nach dem Trocknen der Splei\u00dfe wird bei diesen vor dem Endhobeln das sogenannte Email vorsichtig weggeschliffen, sodass die Kraftfibern nicht verletzt werden. Hier zu sehen bei einem gefl\u00e4mmten Splei\u00df.<\/p>\n<p>&nbsp;<\/p>\n<p>&nbsp;<\/p>\n<p>&nbsp;<\/p>\n<p>&nbsp;<\/p>\n<p><a href=\"http:\/\/www.fliegenrutenbauer.at\/wp-content\/uploads\/2014\/12\/Rutenbauer_-DSC04549bc.jpg\"><img loading=\"lazy\" decoding=\"async\" class=\"alignleft size-medium wp-image-930\" src=\"http:\/\/www.fliegenrutenbauer.at\/wp-content\/uploads\/2014\/12\/Rutenbauer_-DSC04549bc-350x233.jpg\" alt=\"Rutenbauer_ DSC04549bc\" width=\"350\" height=\"233\" srcset=\"http:\/\/www.fliegenrutenbauer.at\/wp-content\/uploads\/2014\/12\/Rutenbauer_-DSC04549bc-350x233.jpg 350w, http:\/\/www.fliegenrutenbauer.at\/wp-content\/uploads\/2014\/12\/Rutenbauer_-DSC04549bc-1024x682.jpg 1024w, http:\/\/www.fliegenrutenbauer.at\/wp-content\/uploads\/2014\/12\/Rutenbauer_-DSC04549bc.jpg 1152w\" sizes=\"auto, (max-width: 350px) 100vw, 350px\" \/><\/a><\/p>\n<p>&nbsp;<\/p>\n<p>Dann geht es zum Endhobeln, hier zu sehen eine Hobellehre, die alle 5 inch (12,7 cm) mit Einstellschrauben (Zug- und Druckschrauben) auf das entsprechende &#8222;Taper&#8220;\u00a0eingestellt ist. Der Hobel ist ein sogenannter Allerweltshobel\u00a0entsprechend ausgestattet mit Spezialmesser &#8211; bei mir von &#8222;Ron Hook&#8220;, die einen h\u00f6heren Kohlenstoffanteil f\u00fcr eine l\u00e4ngere Standzeit haben.<\/p>\n<p>&nbsp;<\/p>\n<p>&nbsp;<\/p>\n<p>&nbsp;<\/p>\n<p><a href=\"http:\/\/www.fliegenrutenbauer.at\/wp-content\/uploads\/2014\/12\/IMG_3385.jpg\"><img loading=\"lazy\" decoding=\"async\" class=\"alignright wp-image-953 size-medium\" src=\"http:\/\/www.fliegenrutenbauer.at\/wp-content\/uploads\/2014\/12\/IMG_3385-350x233.jpg\" alt=\"IMG_3385\" width=\"350\" height=\"233\" srcset=\"http:\/\/www.fliegenrutenbauer.at\/wp-content\/uploads\/2014\/12\/IMG_3385-350x233.jpg 350w, http:\/\/www.fliegenrutenbauer.at\/wp-content\/uploads\/2014\/12\/IMG_3385-1024x682.jpg 1024w, http:\/\/www.fliegenrutenbauer.at\/wp-content\/uploads\/2014\/12\/IMG_3385.jpg 1152w\" sizes=\"auto, (max-width: 350px) 100vw, 350px\" \/><\/a><\/p>\n<p>&nbsp;<\/p>\n<p>Auf das Endma\u00df fertig gehobelte Splei\u00dfe f\u00fcr eine dreiteilige Rute bereits aufgelegt f\u00fcr das Verleimen. Der Raum sollte beheizt und der Kleber wohl temperiert sein.<\/p>\n<p>&nbsp;<\/p>\n<p>&nbsp;<\/p>\n<p>&nbsp;<\/p>\n<p>&nbsp;<\/p>\n<p>&nbsp;<\/p>\n<p><a href=\"http:\/\/www.fliegenrutenbauer.at\/wp-content\/uploads\/2014\/12\/IMG_3388.jpg\"><img loading=\"lazy\" decoding=\"async\" class=\"alignleft wp-image-954 size-thumbnail\" src=\"http:\/\/www.fliegenrutenbauer.at\/wp-content\/uploads\/2014\/12\/IMG_3388-200x200.jpg\" alt=\"IMG_3388\" width=\"200\" height=\"200\" \/><\/a><br \/>\nBestreichen der fertigen Splei\u00dfe mit 2-Komponentenkleber mit einer harten Zahnb\u00fcrste. Anschlie\u00dfend werden die Splei\u00dfe mit einer Kreuzwicklung zusammengebunden. Es gibt daf\u00fcr verschiedene Vorgehensweisen &#8211; h\u00e4ndisch wickeln &#8211; mit einem Evulonrohr und Bohrmaschine &#8211; mit einem Garisonbinder &#8211; oder wie bei mir mit einem 4-Faden Simultanbinder.<\/p>\n<p>&nbsp;<\/p>\n<p>&nbsp;<\/p>\n<p><a href=\"http:\/\/www.fliegenrutenbauer.at\/wp-content\/uploads\/2014\/12\/IMG_3395.jpg\"><img loading=\"lazy\" decoding=\"async\" class=\"alignright wp-image-955 size-thumbnail\" src=\"http:\/\/www.fliegenrutenbauer.at\/wp-content\/uploads\/2014\/12\/IMG_3395-200x200.jpg\" alt=\"IMG_3395\" width=\"200\" height=\"200\" \/><\/a><a href=\"http:\/\/www.fliegenrutenbauer.at\/wp-content\/uploads\/2014\/11\/IMG_4409.jpg\"><img loading=\"lazy\" decoding=\"async\" class=\"alignright wp-image-1279 size-thumbnail\" src=\"http:\/\/www.fliegenrutenbauer.at\/wp-content\/uploads\/2014\/11\/IMG_4409-200x200.jpg\" width=\"200\" height=\"200\" \/><\/a><\/p>\n<p>&nbsp;<\/p>\n<p>Der Blank wird in der Wickelmaschine gewickelt, begradigt und kommt anschlie\u00dfend in den Trockenofen zur Aush\u00e4rtung des Klebers.<\/p>\n<p>&nbsp;<\/p>\n<p>&nbsp;<\/p>\n<p>&nbsp;<\/p>\n<p>&nbsp;<\/p>\n<p><a href=\"http:\/\/www.fliegenrutenbauer.at\/wp-content\/uploads\/2014\/11\/IMG_4415-1.jpg\"><img loading=\"lazy\" decoding=\"async\" class=\"alignleft wp-image-1264\" src=\"http:\/\/www.fliegenrutenbauer.at\/wp-content\/uploads\/2014\/11\/IMG_4415-1.jpg\" width=\"144\" height=\"209\" \/><\/a><\/p>\n<p>&nbsp;<\/p>\n<p>Nachdem der Kleber geh\u00e4rtet ist, wird der Blank mit verschieden groben Schleifpapieren von den Kleberresten befreit und mit 000 Stahlwolle blankpoliert.<br \/>\nAnschlie\u00dfend entfettet und bei mir vor der H\u00fclsenmontage einmal tauchlackiert.<\/p>\n<p>&nbsp;<\/p>\n<p>&nbsp;<\/p>\n<p>&nbsp;<\/p>\n<p>&nbsp;<\/p>\n<p><a href=\"http:\/\/www.fliegenrutenbauer.at\/wp-content\/uploads\/2014\/12\/Rutenbauer_-DSC04569.jpg\"><img loading=\"lazy\" decoding=\"async\" class=\"alignright wp-image-937 size-thumbnail\" src=\"http:\/\/www.fliegenrutenbauer.at\/wp-content\/uploads\/2014\/12\/Rutenbauer_-DSC04569-200x200.jpg\" alt=\"Rutenbauer_ DSC04569\" width=\"200\" height=\"200\" \/><\/a><\/p>\n<p>Stehendes Niro Rohr als Lackiervorrichtung, mit einer elektronisch regelbaren Schlangenheizung und Isolierung versehen. Blank wird in das mit Lack (1 Komponenten Lack) gef\u00fcllte Rohr\u00a0gegeben und mittels einer Umlenkrolle und Getriebemotor mit 4 U per Minute aus dem Lack hochgezogen. So kann der einmal lackierte Blank f\u00fcr die Weiterbearbeitung gelangert werden.<\/p>\n<p>&nbsp;<\/p>\n<p>&nbsp;<\/p>\n<p>&nbsp;<\/p>\n<p>&nbsp;<\/p>\n<p><a href=\"http:\/\/www.fliegenrutenbauer.at\/wp-content\/uploads\/2015\/01\/H\u00fclsen-Bild-21.jpg\"><img loading=\"lazy\" decoding=\"async\" class=\"alignleft wp-image-1069 size-thumbnail\" src=\"http:\/\/www.fliegenrutenbauer.at\/wp-content\/uploads\/2015\/01\/H\u00fclsen-Bild-21-200x200.jpg\" alt=\"H\u00fclsen - Bild (2)\" width=\"200\" height=\"200\" \/><\/a><br \/>\nNach dem der Blank einmal lackiert ist, bzw. in der Zwischenzeit werden die Nickelsilberh\u00fclsen bearbeitet, das hei\u00dft, die H\u00fclsen werden eingeschliffen und dann werden bei mir\u00a0die Lamellen spitz zugefeilt und anschlie\u00dfend poliert. Die H\u00fclsen werden dann mit den Blanks mit Zweikomponentenkleber verklebt. Nach dem Aush\u00e4rten wird der Springpunkt festgelegt und es werden die Abst\u00e4nde f\u00fcr die Schlangenringe festgelegt.<\/p>\n<p>&nbsp;<\/p>\n<p><a href=\"http:\/\/www.fliegenrutenbauer.at\/wp-content\/uploads\/2014\/12\/Rutenbauer_-DSC04559c.jpg\"><img loading=\"lazy\" decoding=\"async\" class=\"alignright wp-image-933 size-thumbnail\" src=\"http:\/\/www.fliegenrutenbauer.at\/wp-content\/uploads\/2014\/12\/Rutenbauer_-DSC04559c-200x200.jpg\" alt=\"Rutenbauer_ DSC04559c\" width=\"200\" height=\"200\" \/><\/a> <a href=\"http:\/\/www.fliegenrutenbauer.at\/wp-content\/uploads\/2014\/12\/Rutenbauer_-DSC04561.jpg\"><img loading=\"lazy\" decoding=\"async\" class=\"alignright wp-image-934 size-thumbnail\" src=\"http:\/\/www.fliegenrutenbauer.at\/wp-content\/uploads\/2014\/12\/Rutenbauer_-DSC04561-200x200.jpg\" alt=\"Rutenbauer_ DSC04561\" width=\"200\" height=\"200\" \/><\/a><\/p>\n<p>&nbsp;<\/p>\n<p>Nun geht es zur Wickelbank. Es werden die Schlangenringe und der Leitring (bei mir in der Regel ein zur Wicklung farblich passender Achatleitring)\u00a0mit feiner englischer Seide angewunden und der Spitzenring geklebt.<\/p>\n<p>&nbsp;<\/p>\n<p>&nbsp;<\/p>\n<p>&nbsp;<\/p>\n<p><a href=\"http:\/\/www.fliegenrutenbauer.at\/wp-content\/uploads\/2014\/12\/Rutenbauer_-DSC04575bc.jpg\"><img loading=\"lazy\" decoding=\"async\" class=\"alignleft wp-image-941 size-thumbnail\" src=\"http:\/\/www.fliegenrutenbauer.at\/wp-content\/uploads\/2014\/12\/Rutenbauer_-DSC04575bc-200x200.jpg\" alt=\"Rutenbauer_ DSC04575bc\" width=\"200\" height=\"200\" \/><\/a> <a href=\"http:\/\/www.fliegenrutenbauer.at\/wp-content\/uploads\/2014\/11\/03.2011__110313_Angelruten_0541.jpg\"><img loading=\"lazy\" decoding=\"async\" class=\"alignleft wp-image-824 size-thumbnail\" src=\"http:\/\/www.fliegenrutenbauer.at\/wp-content\/uploads\/2014\/11\/03.2011__110313_Angelruten_0541-200x200.jpg\" alt=\"03.2011__110313_Angelruten_054\" width=\"200\" height=\"200\" \/><\/a><\/p>\n<p><a href=\"http:\/\/www.fliegenrutenbauer.at\/wp-content\/uploads\/2014\/11\/03.2011__110313_Angelruten_0461.jpg\"><img loading=\"lazy\" decoding=\"async\" class=\"alignleft wp-image-822 size-thumbnail\" src=\"http:\/\/www.fliegenrutenbauer.at\/wp-content\/uploads\/2014\/11\/03.2011__110313_Angelruten_0461-200x200.jpg\" alt=\"03.2011__110313_Angelruten_046\" width=\"200\" height=\"200\" \/><\/a><\/p>\n<p>&nbsp;<\/p>\n<p>Verschiedenste Farben und Zierwicklungen sind m\u00f6glich.<\/p>\n<p>&nbsp;<\/p>\n<p>&nbsp;<\/p>\n<p>&nbsp;<\/p>\n<p>Die Wicklungen werden\u00a0mit entsprechend verd\u00fcnntem und terperierten Epoxydharz versiegelt, wobei nur soviel aufgetragen wird, dass die Wicklungen gut getr\u00e4nkt sind. Nachdem das Epoxy getrocknet ist, werden in einem zweiten Arbeitsgang die Wicklungen nochmals versiegelt und\u00a0dabei eine glatte scharf abgegrenzte Wicklung entsteht. Dabei werden die Blanks in eine Drehvorrichtung eingespannt und\u00a0etwa\u00a03 Stunden mit 4 Umdrehungen in der Minute belassen um eine Tropfenbildung des Epoxy zu vermeiden.<\/p>\n<p><a href=\"http:\/\/www.fliegenrutenbauer.at\/wp-content\/uploads\/2014\/11\/DSC_4293-2-1-1.jpg\"><img loading=\"lazy\" decoding=\"async\" class=\"alignleft wp-image-1407\" src=\"http:\/\/www.fliegenrutenbauer.at\/wp-content\/uploads\/2014\/11\/DSC_4293-2-1-1-1024x682.jpg\" alt=\"\" width=\"286\" height=\"195\" \/><\/a><\/p>\n<p>&nbsp;<\/p>\n<p>&nbsp;<\/p>\n<p>&nbsp;<\/p>\n<p>&nbsp;<\/p>\n<p>&nbsp;<\/p>\n<p>&nbsp;<\/p>\n<p>&nbsp;<\/p>\n<p><a href=\"http:\/\/www.fliegenrutenbauer.at\/wp-content\/uploads\/2014\/12\/Rutenbauer_-DSC04526bc.jpg\"><img loading=\"lazy\" decoding=\"async\" class=\"alignleft wp-image-894 size-thumbnail\" src=\"http:\/\/www.fliegenrutenbauer.at\/wp-content\/uploads\/2014\/12\/Rutenbauer_-DSC04526bc-200x200.jpg\" alt=\"Rutenbauer_ DSC04526bc\" width=\"200\" height=\"200\" \/><\/a><a href=\"http:\/\/www.fliegenrutenbauer.at\/wp-content\/uploads\/2014\/12\/Rutenbauer_-DSC04579.jpg\"><img loading=\"lazy\" decoding=\"async\" class=\"alignleft wp-image-943 size-thumbnail\" src=\"http:\/\/www.fliegenrutenbauer.at\/wp-content\/uploads\/2014\/12\/Rutenbauer_-DSC04579-200x200.jpg\" alt=\"Rutenbauer_ DSC04579\" width=\"200\" height=\"200\" \/><\/a><br \/>\nDer Korkgriff und der entsprechende Rollenhalter (Wurzelh\u00f6lzer) werden vorbereitet. Ich versiegele die Rollenhalter mit Gewehrschaft\u00f6l, somit ist gew\u00e4hrleistet, dass nach l\u00e4ngeren Gebrauch einer Rute das Wurzelholz nachge\u00f6lt werden kann.<\/p>\n<p>&nbsp;<\/p>\n<p>&nbsp;<\/p>\n<p>&nbsp;<\/p>\n<p><a href=\"http:\/\/www.fliegenrutenbauer.at\/wp-content\/uploads\/2014\/11\/DSC_4406-2-1.jpg\"><img loading=\"lazy\" decoding=\"async\" class=\"alignleft wp-image-1411\" src=\"http:\/\/www.fliegenrutenbauer.at\/wp-content\/uploads\/2014\/11\/DSC_4406-2-1-1024x682.jpg\" alt=\"\" width=\"198\" height=\"139\" \/><\/a><\/p>\n<p>&nbsp;<\/p>\n<p>&nbsp;<\/p>\n<p>&nbsp;<\/p>\n<p>&nbsp;<\/p>\n<p><a href=\"http:\/\/www.fliegenrutenbauer.at\/wp-content\/uploads\/2014\/12\/Rutenbauer_-DSC04553.jpg\"><img loading=\"lazy\" decoding=\"async\" class=\"alignright wp-image-931 size-thumbnail\" src=\"http:\/\/www.fliegenrutenbauer.at\/wp-content\/uploads\/2014\/12\/Rutenbauer_-DSC04553-200x200.jpg\" alt=\"Rutenbauer_ DSC04553\" width=\"200\" height=\"200\" \/><\/a> <a href=\"http:\/\/www.fliegenrutenbauer.at\/wp-content\/uploads\/2014\/12\/Rutenbauer_-DSC04554.jpg\"><img loading=\"lazy\" decoding=\"async\" class=\"alignright wp-image-932 size-thumbnail\" src=\"http:\/\/www.fliegenrutenbauer.at\/wp-content\/uploads\/2014\/12\/Rutenbauer_-DSC04554-200x200.jpg\" alt=\"Rutenbauer_ DSC04554\" width=\"200\" height=\"200\" \/><\/a><\/p>\n<p>&nbsp;<\/p>\n<p>Die Nickelsilberbeschl\u00e4ge f\u00fcr den Rollenhalter und der Korkabschlu\u00dfring werden auf der Drehbank angefertigt und mit dem Rollenhalter verklebt.<\/p>\n<p>&nbsp;<\/p>\n<p>&nbsp;<\/p>\n<p>&nbsp;<\/p>\n<p>&nbsp;<\/p>\n<p><a href=\"http:\/\/www.fliegenrutenbauer.at\/wp-content\/uploads\/2014\/12\/Rutenbauer_-DSC04530b.jpg\"><img loading=\"lazy\" decoding=\"async\" class=\"alignleft wp-image-895 size-thumbnail\" src=\"http:\/\/www.fliegenrutenbauer.at\/wp-content\/uploads\/2014\/12\/Rutenbauer_-DSC04530b-200x200.jpg\" alt=\"Rutenbauer_ DSC04530b\" width=\"200\" height=\"200\" \/><\/a><a href=\"http:\/\/www.fliegenrutenbauer.at\/wp-content\/uploads\/2014\/12\/Rutenbauer_-DSC04518bc.jpg\"><img loading=\"lazy\" decoding=\"async\" class=\"alignleft wp-image-890 size-thumbnail\" src=\"http:\/\/www.fliegenrutenbauer.at\/wp-content\/uploads\/2014\/12\/Rutenbauer_-DSC04518bc-200x200.jpg\" alt=\"Rutenbauer_ DSC04518bc\" width=\"200\" height=\"200\" \/><\/a><a href=\"http:\/\/www.fliegenrutenbauer.at\/wp-content\/uploads\/2014\/11\/03.2011__110313_Angelruten_0511.jpg\"><img loading=\"lazy\" decoding=\"async\" class=\"alignleft wp-image-821 size-thumbnail\" src=\"http:\/\/www.fliegenrutenbauer.at\/wp-content\/uploads\/2014\/11\/03.2011__110313_Angelruten_0511-200x200.jpg\" alt=\"03.2011__110313_Angelruten_051\" width=\"200\" height=\"200\" \/><\/a><\/p>\n<p>&nbsp;<\/p>\n<p>Nachdem die beringte Rute das 2. und 3. mal tauchlackiert ist wird der fertig geschliffene Korkgriff und der Rollenhalter\u00a0montiert (mit leicht aufsch\u00e4umenden Kleber) &#8211;\u00a0fertig ist die Rute.<\/p>\n<p>&nbsp;<\/p>\n<p>&nbsp;<\/p>\n<p>Das war ein grober \u00dcberblick \u00fcber die Arbeitsschritte. Erhebt aber keinen Anspruch auf Vollst\u00e4ndigkeit.<\/p>\n<p>&nbsp;<\/p>\n<p>&nbsp;<\/p>\n","protected":false},"excerpt":{"rendered":"<p>Man unterscheidet bei gesplie\u00dften Ruten zwei Bearbeitungsmethoden und zwar von Hand gespaltene und gehobelte Bamubusrohre (Arundinaria amabilis)\u00a0sowie maschinell ges\u00e4gte und gefr\u00e4ste Bambusrohre. Beim handgespaltenen Rohr erfolgt die Spaltung dem nat\u00fcrlichen Faserverlauf, die Rohsplei\u00dfe werden dann gerichtet, die Knoten bearbeitet und&hellip;<\/p>\n<p class=\"more-link-p\"><a class=\"more-link\" href=\"http:\/\/www.fliegenrutenbauer.at\/?page_id=576\">Read more &rarr;<\/a><\/p>\n","protected":false},"author":2,"featured_media":0,"parent":0,"menu_order":0,"comment_status":"closed","ping_status":"open","template":"","meta":{"footnotes":""},"class_list":["post-576","page","type-page","status-publish","hentry"],"_links":{"self":[{"href":"http:\/\/www.fliegenrutenbauer.at\/index.php?rest_route=\/wp\/v2\/pages\/576","targetHints":{"allow":["GET"]}}],"collection":[{"href":"http:\/\/www.fliegenrutenbauer.at\/index.php?rest_route=\/wp\/v2\/pages"}],"about":[{"href":"http:\/\/www.fliegenrutenbauer.at\/index.php?rest_route=\/wp\/v2\/types\/page"}],"author":[{"embeddable":true,"href":"http:\/\/www.fliegenrutenbauer.at\/index.php?rest_route=\/wp\/v2\/users\/2"}],"replies":[{"embeddable":true,"href":"http:\/\/www.fliegenrutenbauer.at\/index.php?rest_route=%2Fwp%2Fv2%2Fcomments&post=576"}],"version-history":[{"count":133,"href":"http:\/\/www.fliegenrutenbauer.at\/index.php?rest_route=\/wp\/v2\/pages\/576\/revisions"}],"predecessor-version":[{"id":1422,"href":"http:\/\/www.fliegenrutenbauer.at\/index.php?rest_route=\/wp\/v2\/pages\/576\/revisions\/1422"}],"wp:attachment":[{"href":"http:\/\/www.fliegenrutenbauer.at\/index.php?rest_route=%2Fwp%2Fv2%2Fmedia&parent=576"}],"curies":[{"name":"wp","href":"https:\/\/api.w.org\/{rel}","templated":true}]}}