{"id":870,"date":"2014-12-16T17:07:44","date_gmt":"2014-12-16T15:07:44","guid":{"rendered":"http:\/\/www.fliegenrutenbauer.at\/?page_id=870"},"modified":"2014-12-16T17:10:26","modified_gmt":"2014-12-16T15:10:26","slug":"tipps-und-tricks","status":"publish","type":"page","link":"http:\/\/www.fliegenrutenbauer.at\/?page_id=870","title":{"rendered":"Tipps und N\u00fctzliches"},"content":{"rendered":"<p>Pflegetipps einer gesplie\u00dften Rute<\/p>\n<p>Rute nach dem Fischen mit einem weichen Tuch trockenwischen<\/p>\n<p>Vermeidung \u00fcberm\u00e4\u00dfiger Hitze bei der Lagerung im Fahrzeug (Schutzrohr offen)<\/p>\n<p>Zuhause die Rute im offenen Rutenrohr stehend verwahren oder die Rute mit dem Futteral aufh\u00e4ngen. Ich h\u00e4nge den Spitzenteil mit dem Spitzenring an eine Halterung und den Handteil belasse ich im Rutenrohr<\/p>\n<p>&nbsp;<\/p>\n<p>Zusammenstecken und Auseinanderziehen von Ruten<\/p>\n<p>Zusammenstecken \u2013 H\u00e4nde eng \u2013 das hei\u00dft zu den H\u00fclsen<\/p>\n<p>Auseinanderziehen \u2013 H\u00e4nde weit \u2013 das hei\u00dft von den H\u00fclsen entfernt<\/p>\n<p>Sollte das Auseinanderziehen einmal nicht gehen \u2013 Gummihandschuhe anziehen<\/p>\n<p>Niemals die Rute w\u00e4hrend des Steckvorganges oder dem Auseinandernehmen drehen!<\/p>\n<p>&nbsp;<\/p>\n<p>Drill mit einer Gesplie\u00dften<\/p>\n<p>Man sollte beim Drill eines Fisches darauf achten, die Rute nicht 90 Grad vom Fisch weg zu richten, damit nicht die gesamte Last auf die Rutenspitze einwirkt.<\/p>\n<p>Richtet man die Rute auf den Fisch, tr\u00e4gt die Spitze die wenigste Last.<\/p>\n<p>Wenn Sie den Fisch landen, achten Sie darauf, dass Sie die Hand mit Rute nach hinten weg drehen (die Rolle zeigt nach oben), auf diese Weise wird ein \u00dcberdehnen der Rute verhindert.<\/p>\n","protected":false},"excerpt":{"rendered":"<p>Pflegetipps einer gesplie\u00dften Rute Rute nach dem Fischen mit einem weichen Tuch trockenwischen Vermeidung \u00fcberm\u00e4\u00dfiger Hitze bei der Lagerung im Fahrzeug (Schutzrohr offen) Zuhause die Rute im offenen Rutenrohr stehend verwahren oder die Rute mit dem Futteral aufh\u00e4ngen. Ich h\u00e4nge&hellip;<\/p>\n<p class=\"more-link-p\"><a class=\"more-link\" href=\"http:\/\/www.fliegenrutenbauer.at\/?page_id=870\">Read more &rarr;<\/a><\/p>\n","protected":false},"author":2,"featured_media":0,"parent":0,"menu_order":0,"comment_status":"closed","ping_status":"closed","template":"","meta":{"footnotes":""},"class_list":["post-870","page","type-page","status-publish","hentry"],"_links":{"self":[{"href":"http:\/\/www.fliegenrutenbauer.at\/index.php?rest_route=\/wp\/v2\/pages\/870","targetHints":{"allow":["GET"]}}],"collection":[{"href":"http:\/\/www.fliegenrutenbauer.at\/index.php?rest_route=\/wp\/v2\/pages"}],"about":[{"href":"http:\/\/www.fliegenrutenbauer.at\/index.php?rest_route=\/wp\/v2\/types\/page"}],"author":[{"embeddable":true,"href":"http:\/\/www.fliegenrutenbauer.at\/index.php?rest_route=\/wp\/v2\/users\/2"}],"replies":[{"embeddable":true,"href":"http:\/\/www.fliegenrutenbauer.at\/index.php?rest_route=%2Fwp%2Fv2%2Fcomments&post=870"}],"version-history":[{"count":4,"href":"http:\/\/www.fliegenrutenbauer.at\/index.php?rest_route=\/wp\/v2\/pages\/870\/revisions"}],"predecessor-version":[{"id":875,"href":"http:\/\/www.fliegenrutenbauer.at\/index.php?rest_route=\/wp\/v2\/pages\/870\/revisions\/875"}],"wp:attachment":[{"href":"http:\/\/www.fliegenrutenbauer.at\/index.php?rest_route=%2Fwp%2Fv2%2Fmedia&parent=870"}],"curies":[{"name":"wp","href":"https:\/\/api.w.org\/{rel}","templated":true}]}}